{"id":27,"date":"2021-05-14T15:41:16","date_gmt":"2021-05-14T13:41:16","guid":{"rendered":"https:\/\/www.hoteldeverdun1882.com\/?page_id=27"},"modified":"2024-10-15T15:14:41","modified_gmt":"2024-10-15T13:14:41","slug":"vivir-en-el-1882-hotel-lyon-centre","status":"publish","type":"page","link":"https:\/\/www.hoteldeverdun1882.com\/es\/vivre-au-1882-hotel-lyon-centre\/","title":{"rendered":"Vivir en el 1882"},"content":{"rendered":"<div data-elementor-type=\"wp-page\" data-elementor-id=\"27\" class=\"elementor elementor-27\" data-elementor-post-type=\"page\">\n\t\t\t\t\t\t<section class=\"elementor-section elementor-top-section elementor-element elementor-element-3f28eb9 elementor-reverse-mobile elementor-section-boxed elementor-section-height-default elementor-section-height-default elementor-invisible\" data-id=\"3f28eb9\" data-element_type=\"section\" data-e-type=\"section\" data-settings=\"{&quot;background_background&quot;:&quot;classic&quot;,&quot;animation&quot;:&quot;fadeIn&quot;}\">\n\t\t\t\t\t\t<div class=\"elementor-container elementor-column-gap-default\">\n\t\t\t\t\t<div class=\"elementor-column elementor-col-50 elementor-top-column elementor-element elementor-element-ba82c41\" data-id=\"ba82c41\" data-element_type=\"column\" data-e-type=\"column\">\n\t\t\t<div class=\"elementor-widget-wrap elementor-element-populated\">\n\t\t\t\t\t\t<div class=\"elementor-element elementor-element-cd948f2 elementor-widget elementor-widget-menu-anchor\" data-id=\"cd948f2\" data-element_type=\"widget\" data-e-type=\"widget\" data-widget_type=\"menu-anchor.default\">\n\t\t\t\t<div class=\"elementor-widget-container\">\n\t\t\t\t\t\t\t<div class=\"elementor-menu-anchor\" id=\"le-petit-dejeuner\"><\/div>\n\t\t\t\t\t\t<\/div>\n\t\t\t\t<\/div>\n\t\t\t\t<div class=\"elementor-element elementor-element-d6afdea elementor-widget elementor-widget-heading\" data-id=\"d6afdea\" data-element_type=\"widget\" data-e-type=\"widget\" data-widget_type=\"heading.default\">\n\t\t\t\t<div class=\"elementor-widget-container\">\n\t\t\t\t\t<h1 class=\"elementor-heading-title elementor-size-default\">Disfrute del arte de vivir lion\u00e9s en nuestro hotel en el centro de Lyon<\/h1>\t\t\t\t<\/div>\n\t\t\t\t<\/div>\n\t\t\t\t<div class=\"elementor-element elementor-element-e765491 elementor-widget elementor-widget-text-editor\" data-id=\"e765491\" data-element_type=\"widget\" data-e-type=\"widget\" data-widget_type=\"text-editor.default\">\n\t\t\t\t<div class=\"elementor-widget-container\">\n\t\t\t\t\t\t\t\t\t<p>El desayuno es un momento privilegiado de intercambio con nuestros hu\u00e9spedes, por lo tanto, nos gusta brindar una atenci\u00f3n especial a este momento gourmet y de convivencia. El hotel est\u00e1 situado en la calle del comercio alimentario de Lyon. Que es lo ideal para descubrir los productos de nuestros artesanos locales. Por ejemplo, el queso \u201ccomt\u00e9\u201d y el queso Saint- Marcellin procede de la queser\u00eda Mons, el pan de la panader\u00eda \u201cAu Vieux P\u00e9trin\u201d que utiliza harinas locales.<\/p><p>Nuestro jard\u00edn y nuestro huerto, est\u00e1n orientados al sur y situados en la regi\u00f3n  de Pieres Dor\u00e9es (al sur de Beaujolais) los cuales se encargan de surtirnos peras, ciruelas y manzanas en el oto\u00f1o y de tomates en el verano. Este desayuno se presenta en el islote central y se puede disfrutar en el gran sof\u00e1 que est\u00e1 cerca de las ventanas del comedor o en los sillones cerca de la chimenea. La verbena y la menta infunden el agua refrescante de la fuente que hospeda al visitante.<\/p>\t\t\t\t\t\t\t\t<\/div>\n\t\t\t\t<\/div>\n\t\t\t\t\t<\/div>\n\t\t<\/div>\n\t\t\t\t<div class=\"elementor-column elementor-col-50 elementor-top-column elementor-element elementor-element-0cf0f4a\" data-id=\"0cf0f4a\" data-element_type=\"column\" data-e-type=\"column\">\n\t\t\t<div class=\"elementor-widget-wrap elementor-element-populated\">\n\t\t\t\t\t\t<div class=\"elementor-element elementor-element-81d42e6 elementor-widget elementor-widget-image\" data-id=\"81d42e6\" data-element_type=\"widget\" data-e-type=\"widget\" data-widget_type=\"image.default\">\n\t\t\t\t<div class=\"elementor-widget-container\">\n\t\t\t\t\t\t\t\t\t\t\t\t\t\t\t<img decoding=\"async\" src=\"https:\/\/www.hoteldeverdun1882.com\/wp-content\/uploads\/elementor\/thumbs\/Hoteldeverdun1882_Lyon35-pf4ups7tjzhhmyet2ugyfqtj2jv9r1087ej51n0gg6.jpg\" title=\"Hoteldeverdun1882_Lyon35\" alt=\"Hoteldeverdun1882_Lyon35\" loading=\"lazy\" \/>\t\t\t\t\t\t\t\t\t\t\t\t\t\t\t<\/div>\n\t\t\t\t<\/div>\n\t\t\t\t\t<\/div>\n\t\t<\/div>\n\t\t\t\t\t<\/div>\n\t\t<\/section>\n\t\t\t\t<section class=\"elementor-section elementor-top-section elementor-element elementor-element-c75593d elementor-section-boxed elementor-section-height-default elementor-section-height-default\" data-id=\"c75593d\" data-element_type=\"section\" data-e-type=\"section\">\n\t\t\t\t\t\t<div class=\"elementor-container elementor-column-gap-default\">\n\t\t\t\t\t<div class=\"elementor-column elementor-col-100 elementor-top-column elementor-element elementor-element-9ea2a77\" data-id=\"9ea2a77\" data-element_type=\"column\" data-e-type=\"column\">\n\t\t\t<div class=\"elementor-widget-wrap elementor-element-populated\">\n\t\t\t\t\t\t<div class=\"elementor-element elementor-element-28220b1 elementor-widget elementor-widget-menu-anchor\" data-id=\"28220b1\" data-element_type=\"widget\" data-e-type=\"widget\" data-widget_type=\"menu-anchor.default\">\n\t\t\t\t<div class=\"elementor-widget-container\">\n\t\t\t\t\t\t\t<div class=\"elementor-menu-anchor\" id=\"service-massages\"><\/div>\n\t\t\t\t\t\t<\/div>\n\t\t\t\t<\/div>\n\t\t\t\t<div class=\"elementor-element elementor-element-5210fe1 elementor-widget elementor-widget-heading\" data-id=\"5210fe1\" data-element_type=\"widget\" data-e-type=\"widget\" data-widget_type=\"heading.default\">\n\t\t\t\t<div class=\"elementor-widget-container\">\n\t\t\t\t\t<h2 class=\"elementor-heading-title elementor-size-default\">SERVICIO DE MASAJES<\/h2>\t\t\t\t<\/div>\n\t\t\t\t<\/div>\n\t\t\t\t<div class=\"elementor-element elementor-element-eb61924 elementor-widget elementor-widget-text-editor\" data-id=\"eb61924\" data-element_type=\"widget\" data-e-type=\"widget\" data-widget_type=\"text-editor.default\">\n\t\t\t\t<div class=\"elementor-widget-container\">\n\t\t\t\t\t\t\t\t\t<p>Ofrecemos un servicio de masaje en la habitaci\u00f3n (s\u00f3lo en las habitaciones Superior y Suite). Para reservar su tratamiento, p\u00f3ngase en contacto con la recepci\u00f3n.<\/p><p>\u00a0<\/p><p>-Masaje relajante 30\/60\/90mn \u2192 40\/80\/130<\/p><p>-Masaje personalizado 30\/60\/90mn \u2192 40\/80\/130<\/p><p>-Masaje circulatorio (pies, piernas) 30\/60\/90mn \u2192 40\/80\u20ac.<\/p><p>-Masaje facial, masaje craneal 30mn \u2192 40<\/p><p>\u00a0<\/p>\t\t\t\t\t\t\t\t<\/div>\n\t\t\t\t<\/div>\n\t\t\t\t\t<\/div>\n\t\t<\/div>\n\t\t\t\t\t<\/div>\n\t\t<\/section>\n\t\t\t\t<section class=\"elementor-section elementor-top-section elementor-element elementor-element-5de2b05 elementor-section-boxed elementor-section-height-default elementor-section-height-default elementor-invisible\" data-id=\"5de2b05\" data-element_type=\"section\" data-e-type=\"section\" data-settings=\"{&quot;background_background&quot;:&quot;classic&quot;,&quot;animation&quot;:&quot;fadeIn&quot;}\">\n\t\t\t\t\t\t<div class=\"elementor-container elementor-column-gap-default\">\n\t\t\t\t\t<div class=\"elementor-column elementor-col-50 elementor-top-column elementor-element elementor-element-6399c59\" data-id=\"6399c59\" data-element_type=\"column\" data-e-type=\"column\">\n\t\t\t<div class=\"elementor-widget-wrap elementor-element-populated\">\n\t\t\t\t\t\t<div class=\"elementor-element elementor-element-cf80efe elementor-widget elementor-widget-image\" data-id=\"cf80efe\" data-element_type=\"widget\" data-e-type=\"widget\" data-widget_type=\"image.default\">\n\t\t\t\t<div class=\"elementor-widget-container\">\n\t\t\t\t\t\t\t\t\t\t\t\t\t\t\t<img decoding=\"async\" src=\"https:\/\/www.hoteldeverdun1882.com\/wp-content\/uploads\/elementor\/thumbs\/web_hotel-de-verdun-1882_0002_CHP_HotelVerdun-134-pdla1em6g7jiwpu6uwv27ug8xyuxln7vrty2lq9x6u.jpg\" title=\"web_hotel de verdun 1882_0002_CHP_HotelVerdun-134\" alt=\"web_hotel de verdun 1882_0002_CHP_HotelVerdun-134\" loading=\"lazy\" \/>\t\t\t\t\t\t\t\t\t\t\t\t\t\t\t<\/div>\n\t\t\t\t<\/div>\n\t\t\t\t\t<\/div>\n\t\t<\/div>\n\t\t\t\t<div class=\"elementor-column elementor-col-50 elementor-top-column elementor-element elementor-element-5afbb1c\" data-id=\"5afbb1c\" data-element_type=\"column\" data-e-type=\"column\">\n\t\t\t<div class=\"elementor-widget-wrap elementor-element-populated\">\n\t\t\t\t\t\t<div class=\"elementor-element elementor-element-80e76b3 elementor-widget elementor-widget-menu-anchor\" data-id=\"80e76b3\" data-element_type=\"widget\" data-e-type=\"widget\" data-widget_type=\"menu-anchor.default\">\n\t\t\t\t<div class=\"elementor-widget-container\">\n\t\t\t\t\t\t\t<div class=\"elementor-menu-anchor\" id=\"notre-cuisine\"><\/div>\n\t\t\t\t\t\t<\/div>\n\t\t\t\t<\/div>\n\t\t\t\t<div class=\"elementor-element elementor-element-a4d3e06 elementor-widget elementor-widget-heading\" data-id=\"a4d3e06\" data-element_type=\"widget\" data-e-type=\"widget\" data-widget_type=\"heading.default\">\n\t\t\t\t<div class=\"elementor-widget-container\">\n\t\t\t\t\t<h2 class=\"elementor-heading-title elementor-size-default\">NUESTRA COCINA<\/h2>\t\t\t\t<\/div>\n\t\t\t\t<\/div>\n\t\t\t\t<div class=\"elementor-element elementor-element-d2a806c elementor-widget elementor-widget-text-editor\" data-id=\"d2a806c\" data-element_type=\"widget\" data-e-type=\"widget\" data-widget_type=\"text-editor.default\">\n\t\t\t\t<div class=\"elementor-widget-container\">\n\t\t\t\t\t\t\t\t\t<p>Viaje en familia o con los amigos, pero ya estando aqu\u00ed no tienen ganas de salir a cenar.  \u00bfPor qu\u00e9 no disfrutar de nuestra cocina? para preparar usted mismo una simple receta. Tenemos a su disposici\u00f3n una placa de inducci\u00f3n, un microondas, utensilios de cocina, nuestro comedor y nuestras bebidas. Por el resto, depende de usted: puede hacer sus compras en el barrio. Con un poco de preparaci\u00f3n y usted tendr\u00e1 el placer de degustar sus platillos en la gran sala del hotel 1882.<\/p><p>Experiencia \u00fanica garantizada.\u00a0<\/p>\t\t\t\t\t\t\t\t<\/div>\n\t\t\t\t<\/div>\n\t\t\t\t\t<\/div>\n\t\t<\/div>\n\t\t\t\t\t<\/div>\n\t\t<\/section>\n\t\t\t\t<\/div>","protected":false},"excerpt":{"rendered":"<p>savourez l&rsquo;art de vivre lyonnais dans notre h\u00f4tel au centre de lyon Le petit-d\u00e9jeuner est un moment privil\u00e9gi\u00e9 d\u2019\u00e9change avec nos h\u00f4tes, aussi nous apportons une attention particuli\u00e8re \u00e0 ce moment gourmand et convivial. L\u2019h\u00f4tel est situ\u00e9 dans LA rue des m\u00e9tiers de bouche de Lyon. L\u2019id\u00e9al pour d\u00e9couvrir les meilleurs produits de nos artisans [&hellip;]<\/p>\n","protected":false},"author":1,"featured_media":0,"parent":0,"menu_order":6,"comment_status":"closed","ping_status":"closed","template":"","meta":{"inline_featured_image":false,"footnotes":""},"class_list":["post-27","page","type-page","status-publish","hentry"],"_links":{"self":[{"href":"https:\/\/www.hoteldeverdun1882.com\/es\/wp-json\/wp\/v2\/pages\/27","targetHints":{"allow":["GET"]}}],"collection":[{"href":"https:\/\/www.hoteldeverdun1882.com\/es\/wp-json\/wp\/v2\/pages"}],"about":[{"href":"https:\/\/www.hoteldeverdun1882.com\/es\/wp-json\/wp\/v2\/types\/page"}],"author":[{"embeddable":true,"href":"https:\/\/www.hoteldeverdun1882.com\/es\/wp-json\/wp\/v2\/users\/1"}],"replies":[{"embeddable":true,"href":"https:\/\/www.hoteldeverdun1882.com\/es\/wp-json\/wp\/v2\/comments?post=27"}],"version-history":[{"count":125,"href":"https:\/\/www.hoteldeverdun1882.com\/es\/wp-json\/wp\/v2\/pages\/27\/revisions"}],"predecessor-version":[{"id":4666,"href":"https:\/\/www.hoteldeverdun1882.com\/es\/wp-json\/wp\/v2\/pages\/27\/revisions\/4666"}],"wp:attachment":[{"href":"https:\/\/www.hoteldeverdun1882.com\/es\/wp-json\/wp\/v2\/media?parent=27"}],"curies":[{"name":"wp","href":"https:\/\/api.w.org\/{rel}","templated":true}]}}