{"id":4680,"date":"2024-11-12T12:34:38","date_gmt":"2024-11-12T11:34:58","guid":{"rendered":"https:\/\/www.hoteldeverdun1882.com\/?page_id=4680"},"modified":"2024-11-14T12:53:32","modified_gmt":"2024-11-14T11:53:32","slug":"our-news","status":"publish","type":"page","link":"https:\/\/www.hoteldeverdun1882.com\/en\/nos-actualites\/","title":{"rendered":"Our news"},"content":{"rendered":"<div data-elementor-type=\"wp-page\" data-elementor-id=\"4680\" class=\"elementor elementor-4680\" data-elementor-post-type=\"page\">\n\t\t\t\t\t\t<section class=\"elementor-section elementor-top-section elementor-element elementor-element-5849156 elementor-reverse-mobile elementor-section-boxed elementor-section-height-default elementor-section-height-default elementor-invisible\" data-id=\"5849156\" data-element_type=\"section\" data-e-type=\"section\" data-settings=\"{&quot;background_background&quot;:&quot;classic&quot;,&quot;animation&quot;:&quot;fadeIn&quot;}\">\n\t\t\t\t\t\t<div class=\"elementor-container elementor-column-gap-default\">\n\t\t\t\t\t<div class=\"elementor-column elementor-col-50 elementor-top-column elementor-element elementor-element-4f278c7\" data-id=\"4f278c7\" data-element_type=\"column\" data-e-type=\"column\">\n\t\t\t<div class=\"elementor-widget-wrap elementor-element-populated\">\n\t\t\t\t\t\t<div class=\"elementor-element elementor-element-7413753 elementor-widget elementor-widget-heading\" data-id=\"7413753\" data-element_type=\"widget\" data-e-type=\"widget\" data-widget_type=\"heading.default\">\n\t\t\t\t<div class=\"elementor-widget-container\">\n\t\t\t\t\t<h1 class=\"elementor-heading-title elementor-size-default\">Our news<\/h1>\t\t\t\t<\/div>\n\t\t\t\t<\/div>\n\t\t\t\t<div class=\"elementor-element elementor-element-a73556e elementor-widget elementor-widget-text-editor\" data-id=\"a73556e\" data-element_type=\"widget\" data-e-type=\"widget\" data-widget_type=\"text-editor.default\">\n\t\t\t\t<div class=\"elementor-widget-container\">\n\t\t\t\t\t\t\t\t\t<p>L'H\u00f4tel de Verdun 1882, a place where culture and literary exchange come alive. Through our partnership with the bookshop L'\u0152il Cacodylate, we invite you to discover the literary encounters that punctuate our seasons, special moments when authors and readers feed off each other. This page also gives you access to a selection of press articles offering a different perspective on our world.<\/p>\t\t\t\t\t\t\t\t<\/div>\n\t\t\t\t<\/div>\n\t\t\t\t\t<\/div>\n\t\t<\/div>\n\t\t\t\t<div class=\"elementor-column elementor-col-50 elementor-top-column elementor-element elementor-element-4d1efd3\" data-id=\"4d1efd3\" data-element_type=\"column\" data-e-type=\"column\">\n\t\t\t<div class=\"elementor-widget-wrap elementor-element-populated\">\n\t\t\t\t\t\t<div class=\"elementor-element elementor-element-3b64eda elementor-widget elementor-widget-image\" data-id=\"3b64eda\" data-element_type=\"widget\" data-e-type=\"widget\" data-widget_type=\"image.default\">\n\t\t\t\t<div class=\"elementor-widget-container\">\n\t\t\t\t\t\t\t\t\t\t\t\t\t\t\t<img decoding=\"async\" src=\"https:\/\/www.hoteldeverdun1882.com\/wp-content\/uploads\/elementor\/thumbs\/image00010-scaled-e1731401453445-qwxwqddj33hogkmpp6oyuceotam43nlqjgoathgaiu.jpeg\" title=\"Processed with VSCO with g7 preset\" alt=\"Processed with VSCO with g7 preset\" loading=\"lazy\" \/>\t\t\t\t\t\t\t\t\t\t\t\t\t\t\t<\/div>\n\t\t\t\t<\/div>\n\t\t\t\t\t<\/div>\n\t\t<\/div>\n\t\t\t\t\t<\/div>\n\t\t<\/section>\n\t\t<div class=\"elementor-element elementor-element-2c1d14e e-flex e-con-boxed e-con e-parent\" data-id=\"2c1d14e\" data-element_type=\"container\" data-e-type=\"container\">\n\t\t\t\t\t<div class=\"e-con-inner\">\n\t\t\t\t<div class=\"elementor-element elementor-element-252246a elementor-widget elementor-widget-heading\" data-id=\"252246a\" data-element_type=\"widget\" data-e-type=\"widget\" data-widget_type=\"heading.default\">\n\t\t\t\t<div class=\"elementor-widget-container\">\n\t\t\t\t\t<h2 class=\"elementor-heading-title elementor-size-default\">NEWS<\/h2>\t\t\t\t<\/div>\n\t\t\t\t<\/div>\n\t\t\t\t<div class=\"elementor-element elementor-element-24881a7 elementor-posts--align-left elementor-grid-3 elementor-grid-tablet-2 elementor-grid-mobile-1 elementor-posts--thumbnail-top elementor-widget elementor-widget-posts\" data-id=\"24881a7\" data-element_type=\"widget\" data-e-type=\"widget\" data-settings=\"{&quot;classic_row_gap&quot;:{&quot;unit&quot;:&quot;px&quot;,&quot;size&quot;:&quot;&quot;,&quot;sizes&quot;:[]},&quot;classic_columns&quot;:&quot;3&quot;,&quot;classic_columns_tablet&quot;:&quot;2&quot;,&quot;classic_columns_mobile&quot;:&quot;1&quot;,&quot;classic_row_gap_tablet&quot;:{&quot;unit&quot;:&quot;px&quot;,&quot;size&quot;:&quot;&quot;,&quot;sizes&quot;:[]},&quot;classic_row_gap_mobile&quot;:{&quot;unit&quot;:&quot;px&quot;,&quot;size&quot;:&quot;&quot;,&quot;sizes&quot;:[]}}\" data-widget_type=\"posts.classic\">\n\t\t\t\t<div class=\"elementor-widget-container\">\n\t\t\t\t\t\t\t<div class=\"elementor-posts-container elementor-posts elementor-posts--skin-classic elementor-grid\" role=\"list\">\n\t\t\t\t<article class=\"elementor-post elementor-grid-item post-4735 post type-post status-publish format-standard has-post-thumbnail hentry category-evenement\" role=\"listitem\">\n\t\t\t\t<a class=\"elementor-post__thumbnail__link\" href=\"https:\/\/www.hoteldeverdun1882.com\/en\/test-darticle\/\" tabindex=\"-1\" >\n\t\t\t<div class=\"elementor-post__thumbnail\"><img fetchpriority=\"high\" decoding=\"async\" width=\"2560\" height=\"2249\" src=\"https:\/\/www.hoteldeverdun1882.com\/wp-content\/uploads\/2024\/11\/SIGNATURE-210-x-297-px-1719-x-1510-px-scaled.jpg\" class=\"attachment-full size-full wp-image-4755\" alt=\"Photo -\" title=\"Photo -\" srcset=\"https:\/\/www.hoteldeverdun1882.com\/wp-content\/uploads\/2024\/11\/SIGNATURE-210-x-297-px-1719-x-1510-px-scaled.jpg 2560w, https:\/\/www.hoteldeverdun1882.com\/wp-content\/uploads\/2024\/11\/SIGNATURE-210-x-297-px-1719-x-1510-px-300x264.jpg 300w, https:\/\/www.hoteldeverdun1882.com\/wp-content\/uploads\/2024\/11\/SIGNATURE-210-x-297-px-1719-x-1510-px-1024x900.jpg 1024w, https:\/\/www.hoteldeverdun1882.com\/wp-content\/uploads\/2024\/11\/SIGNATURE-210-x-297-px-1719-x-1510-px-768x675.jpg 768w, https:\/\/www.hoteldeverdun1882.com\/wp-content\/uploads\/2024\/11\/SIGNATURE-210-x-297-px-1719-x-1510-px-1536x1349.jpg 1536w, https:\/\/www.hoteldeverdun1882.com\/wp-content\/uploads\/2024\/11\/SIGNATURE-210-x-297-px-1719-x-1510-px-2048x1799.jpg 2048w, https:\/\/www.hoteldeverdun1882.com\/wp-content\/uploads\/2024\/11\/SIGNATURE-210-x-297-px-1719-x-1510-px-14x12.jpg 14w\" sizes=\"(max-width: 2560px) 100vw, 2560px\" \/><\/div>\n\t\t<\/a>\n\t\t\t\t<div class=\"elementor-post__text\">\n\t\t\t\t<span class=\"elementor-post__title\">\n\t\t\t<a href=\"https:\/\/www.hoteldeverdun1882.com\/en\/test-darticle\/\" >\n\t\t\t\tMeet and greet: Sonia Ezgulian &amp; Fran\u00e7ois Motte. 13\/11\/2024\t\t\t<\/a>\n\t\t<\/span>\n\t\t\t\t<div class=\"elementor-post__meta-data\">\n\t\t\t\t\t<span class=\"elementor-post-date\">\n\t\t\t8 November 2024\t\t<\/span>\n\t\t\t\t<\/div>\n\t\t\t\t<div class=\"elementor-post__excerpt\">\n\t\t\t<p>On 13 November, H\u00f4tel de Verdun 1882 will be hosting a literary evening in collaboration with the bookshop l'\u0152il Cacodylate, where guests will have the pleasure of enjoying a rich and joyous exchange around cuisine and the art of living. <\/p>\n\t\t<\/div>\n\t\t\t\t\t<div class=\"elementor-post__read-more-wrapper\">\n\t\t\n\t\t<a class=\"elementor-post__read-more\" href=\"https:\/\/www.hoteldeverdun1882.com\/en\/test-darticle\/\" aria-label=\"Read more about Meet and greet: Sonia Ezgulian &amp; Fran\u00e7ois Motte. 13\/11\/2024\" tabindex=\"-1\" >\n\t\t\tREAD MORE \"\t\t<\/a>\n\n\t\t\t\t\t<\/div>\n\t\t\t\t<\/div>\n\t\t\t\t<\/article>\n\t\t\t\t<article class=\"elementor-post elementor-grid-item post-4708 post type-post status-publish format-standard has-post-thumbnail hentry category-evenement\" role=\"listitem\">\n\t\t\t\t<a class=\"elementor-post__thumbnail__link\" href=\"https:\/\/www.hoteldeverdun1882.com\/en\/seance-de-signature-13-11\/\" tabindex=\"-1\" >\n\t\t\t<div class=\"elementor-post__thumbnail\"><img decoding=\"async\" width=\"1810\" height=\"2560\" src=\"https:\/\/www.hoteldeverdun1882.com\/wp-content\/uploads\/2024\/10\/IMG_1810-scaled.jpg\" class=\"attachment-full size-full wp-image-4742\" alt=\"Photo -\" title=\"Photo -\" srcset=\"https:\/\/www.hoteldeverdun1882.com\/wp-content\/uploads\/2024\/10\/IMG_1810-scaled.jpg 1810w, https:\/\/www.hoteldeverdun1882.com\/wp-content\/uploads\/2024\/10\/IMG_1810-212x300.jpg 212w, https:\/\/www.hoteldeverdun1882.com\/wp-content\/uploads\/2024\/10\/IMG_1810-724x1024.jpg 724w, https:\/\/www.hoteldeverdun1882.com\/wp-content\/uploads\/2024\/10\/IMG_1810-768x1086.jpg 768w, https:\/\/www.hoteldeverdun1882.com\/wp-content\/uploads\/2024\/10\/IMG_1810-1086x1536.jpg 1086w, https:\/\/www.hoteldeverdun1882.com\/wp-content\/uploads\/2024\/10\/IMG_1810-1448x2048.jpg 1448w, https:\/\/www.hoteldeverdun1882.com\/wp-content\/uploads\/2024\/10\/IMG_1810-8x12.jpg 8w\" sizes=\"(max-width: 1810px) 100vw, 1810px\" \/><\/div>\n\t\t<\/a>\n\t\t\t\t<div class=\"elementor-post__text\">\n\t\t\t\t<span class=\"elementor-post__title\">\n\t\t\t<a href=\"https:\/\/www.hoteldeverdun1882.com\/en\/seance-de-signature-13-11\/\" >\n\t\t\t\tFirst literary evening: Camille Vi\u00e9ville and ONO 15\/05\/2024.\t\t\t<\/a>\n\t\t<\/span>\n\t\t\t\t<div class=\"elementor-post__meta-data\">\n\t\t\t\t\t<span class=\"elementor-post-date\">\n\t\t\t28 October 2024\t\t<\/span>\n\t\t\t\t<\/div>\n\t\t\t\t<div class=\"elementor-post__excerpt\">\n\t\t\t<p>H\u00f4tel de Verdun 1882 was delighted to host its very first literary evening on 15 May 2024, in partnership with the bookshop l'\u0152il Cacodylate. This inaugural event was marked by a unique encounter with Camille Vi\u00e9ville, who came to share her book ONO, a poetic and personal exploration of the figure of Yoko Ono.<\/p>\n\t\t<\/div>\n\t\t\t\t\t<div class=\"elementor-post__read-more-wrapper\">\n\t\t\n\t\t<a class=\"elementor-post__read-more\" href=\"https:\/\/www.hoteldeverdun1882.com\/en\/seance-de-signature-13-11\/\" aria-label=\"Read more about First literary evening: Camille Vi\u00e9ville and ONO 15\/05\/2024.\" tabindex=\"-1\" >\n\t\t\tREAD MORE \"\t\t<\/a>\n\n\t\t\t\t\t<\/div>\n\t\t\t\t<\/div>\n\t\t\t\t<\/article>\n\t\t\t\t<\/div>\n\t\t\n\t\t\t\t\t\t<\/div>\n\t\t\t\t<\/div>\n\t\t\t\t\t<\/div>\n\t\t\t\t<\/div>\n\t\t<div class=\"elementor-element elementor-element-8ec69d4 e-flex e-con-boxed e-con e-parent\" data-id=\"8ec69d4\" data-element_type=\"container\" data-e-type=\"container\">\n\t\t\t\t\t<div class=\"e-con-inner\">\n\t\t\t\t<div class=\"elementor-element elementor-element-7edd206 elementor-widget elementor-widget-heading\" data-id=\"7edd206\" data-element_type=\"widget\" data-e-type=\"widget\" data-widget_type=\"heading.default\">\n\t\t\t\t<div class=\"elementor-widget-container\">\n\t\t\t\t\t<h2 class=\"elementor-heading-title elementor-size-default\">PRESS<\/h2>\t\t\t\t<\/div>\n\t\t\t\t<\/div>\n\t\t<div class=\"elementor-element elementor-element-7818ba5 e-flex e-con-boxed e-con e-child\" data-id=\"7818ba5\" data-element_type=\"container\" data-e-type=\"container\">\n\t\t\t\t\t<div class=\"e-con-inner\">\n\t\t\t\t<div class=\"elementor-element elementor-element-4592580 elementor-widget__width-initial elementor-cta--skin-classic elementor-animated-content elementor-widget elementor-widget-call-to-action\" data-id=\"4592580\" data-element_type=\"widget\" data-e-type=\"widget\" data-widget_type=\"call-to-action.default\">\n\t\t\t\t<div class=\"elementor-widget-container\">\n\t\t\t\t\t\t\t<div class=\"elementor-cta\">\n\t\t\t\t\t<div class=\"elementor-cta__bg-wrapper\">\n\t\t\t\t<div class=\"elementor-cta__bg elementor-bg\" style=\"background-image: url(https:\/\/www.hoteldeverdun1882.com\/wp-content\/uploads\/2024\/10\/M-le-magazine-du-Monde-20-11-21-RP-HoteldeVerdun1882-1_couverture.png);\" role=\"img\" aria-label=\"M le magazine du Monde -20-11-21- RP HoteldeVerdun1882-1_couverture\"><\/div>\n\t\t\t\t<div class=\"elementor-cta__bg-overlay\"><\/div>\n\t\t\t<\/div>\n\t\t\t\t\t\t\t<div class=\"elementor-cta__content\">\n\t\t\t\t\n\t\t\t\t\t\t\t\t\t<span class=\"elementor-cta__title elementor-cta__content-item elementor-content-item\">\n\t\t\t\t\t\tM Le Magazine du Monde\t\t\t\t\t<\/span>\n\t\t\t\t\n\t\t\t\t\t\t\t\t\t<span class=\"elementor-cta__description elementor-cta__content-item elementor-content-item\">\n\t\t\t\t\t\tWe're the talk of the town!\t\t\t\t\t<\/span>\n\t\t\t\t\n\t\t\t\t\t\t\t\t\t<div class=\"elementor-cta__button-wrapper elementor-cta__content-item elementor-content-item\">\n\t\t\t\t\t<a class=\"elementor-cta__button elementor-button elementor-size-\" href=\"https:\/\/www.hoteldeverdun1882.com\/wp-content\/uploads\/2024\/10\/M-le-magazine-du-Monde-20-11-21-RP-HoteldeVerdun1882.pdf\" target=\"_blank\">\n\t\t\t\t\t\tRead the article\t\t\t\t\t<\/a>\n\t\t\t\t\t<\/div>\n\t\t\t\t\t\t\t<\/div>\n\t\t\t\t\t\t<\/div>\n\t\t\t\t\t\t<\/div>\n\t\t\t\t<\/div>\n\t\t\t\t<div class=\"elementor-element elementor-element-88290f1 elementor-widget__width-initial elementor-cta--skin-classic elementor-animated-content elementor-widget elementor-widget-call-to-action\" data-id=\"88290f1\" data-element_type=\"widget\" data-e-type=\"widget\" data-widget_type=\"call-to-action.default\">\n\t\t\t\t<div class=\"elementor-widget-container\">\n\t\t\t\t\t\t\t<div class=\"elementor-cta\">\n\t\t\t\t\t<div class=\"elementor-cta__bg-wrapper\">\n\t\t\t\t<div class=\"elementor-cta__bg elementor-bg\" style=\"background-image: url(https:\/\/www.hoteldeverdun1882.com\/wp-content\/uploads\/2024\/11\/Screenshot-2024-11-12-at-14.51.48.png);\" role=\"img\" aria-label=\"Screenshot 2024-11-12 at 14.51.48\"><\/div>\n\t\t\t\t<div class=\"elementor-cta__bg-overlay\"><\/div>\n\t\t\t<\/div>\n\t\t\t\t\t\t\t<div class=\"elementor-cta__content\">\n\t\t\t\t\n\t\t\t\t\t\t\t\t\t<span class=\"elementor-cta__title elementor-cta__content-item elementor-content-item\">\n\t\t\t\t\t\tThe Socialite Family\t\t\t\t\t<\/span>\n\t\t\t\t\n\t\t\t\t\t\t\t\t\t<span class=\"elementor-cta__description elementor-cta__content-item elementor-content-item\">\n\t\t\t\t\t\tWe're the talk of the town!\t\t\t\t\t<\/span>\n\t\t\t\t\n\t\t\t\t\t\t\t\t\t<div class=\"elementor-cta__button-wrapper elementor-cta__content-item elementor-content-item\">\n\t\t\t\t\t<a class=\"elementor-cta__button elementor-button elementor-size-\" href=\"https:\/\/www.hoteldeverdun1882.com\/wp-content\/uploads\/2024\/11\/article-TSF.pdf\" target=\"_blank\">\n\t\t\t\t\t\tRead the article\t\t\t\t\t<\/a>\n\t\t\t\t\t<\/div>\n\t\t\t\t\t\t\t<\/div>\n\t\t\t\t\t\t<\/div>\n\t\t\t\t\t\t<\/div>\n\t\t\t\t<\/div>\n\t\t\t\t<div class=\"elementor-element elementor-element-7692391 elementor-widget__width-initial elementor-cta--skin-classic elementor-animated-content elementor-widget elementor-widget-call-to-action\" data-id=\"7692391\" data-element_type=\"widget\" data-e-type=\"widget\" data-widget_type=\"call-to-action.default\">\n\t\t\t\t<div class=\"elementor-widget-container\">\n\t\t\t\t\t\t\t<div class=\"elementor-cta\">\n\t\t\t\t\t<div class=\"elementor-cta__bg-wrapper\">\n\t\t\t\t<div class=\"elementor-cta__bg elementor-bg\" style=\"background-image: url(https:\/\/www.hoteldeverdun1882.com\/wp-content\/uploads\/2024\/11\/desc_484629-0-n-e1731419044449.jpg);\" role=\"img\" aria-label=\"desc_484629-0-n\"><\/div>\n\t\t\t\t<div class=\"elementor-cta__bg-overlay\"><\/div>\n\t\t\t<\/div>\n\t\t\t\t\t\t\t<div class=\"elementor-cta__content\">\n\t\t\t\t\n\t\t\t\t\t\t\t\t\t<span class=\"elementor-cta__title elementor-cta__content-item elementor-content-item\">\n\t\t\t\t\t\tMarie Claire Maison\t\t\t\t\t<\/span>\n\t\t\t\t\n\t\t\t\t\t\t\t\t\t<span class=\"elementor-cta__description elementor-cta__content-item elementor-content-item\">\n\t\t\t\t\t\tWe're the talk of the town!\t\t\t\t\t<\/span>\n\t\t\t\t\n\t\t\t\t\t\t\t\t\t<div class=\"elementor-cta__button-wrapper elementor-cta__content-item elementor-content-item\">\n\t\t\t\t\t<a class=\"elementor-cta__button elementor-button elementor-size-\" href=\"https:\/\/www.hoteldeverdun1882.com\/wp-content\/uploads\/2024\/11\/article-marie-claire.pdf\" target=\"_blank\">\n\t\t\t\t\t\tRead the article\t\t\t\t\t<\/a>\n\t\t\t\t\t<\/div>\n\t\t\t\t\t\t\t<\/div>\n\t\t\t\t\t\t<\/div>\n\t\t\t\t\t\t<\/div>\n\t\t\t\t<\/div>\n\t\t\t\t<div class=\"elementor-element elementor-element-bb1c7cb elementor-widget__width-initial elementor-cta--skin-classic elementor-animated-content elementor-widget elementor-widget-call-to-action\" data-id=\"bb1c7cb\" data-element_type=\"widget\" data-e-type=\"widget\" data-widget_type=\"call-to-action.default\">\n\t\t\t\t<div class=\"elementor-widget-container\">\n\t\t\t\t\t\t\t<div class=\"elementor-cta\">\n\t\t\t\t\t<div class=\"elementor-cta__bg-wrapper\">\n\t\t\t\t<div class=\"elementor-cta__bg elementor-bg\" style=\"background-image: url(https:\/\/www.hoteldeverdun1882.com\/wp-content\/uploads\/2024\/11\/Screenshot-2024-11-12-at-14.56.39.png);\" role=\"img\" aria-label=\"Screenshot 2024-11-12 at 14.56.39\"><\/div>\n\t\t\t\t<div class=\"elementor-cta__bg-overlay\"><\/div>\n\t\t\t<\/div>\n\t\t\t\t\t\t\t<div class=\"elementor-cta__content\">\n\t\t\t\t\n\t\t\t\t\t\t\t\t\t<span class=\"elementor-cta__title elementor-cta__content-item elementor-content-item\">\n\t\t\t\t\t\tGoodMoods\t\t\t\t\t<\/span>\n\t\t\t\t\n\t\t\t\t\t\t\t\t\t<span class=\"elementor-cta__description elementor-cta__content-item elementor-content-item\">\n\t\t\t\t\t\tWe're the talk of the town!\t\t\t\t\t<\/span>\n\t\t\t\t\n\t\t\t\t\t\t\t\t\t<div class=\"elementor-cta__button-wrapper elementor-cta__content-item elementor-content-item\">\n\t\t\t\t\t<a class=\"elementor-cta__button elementor-button elementor-size-\" href=\"https:\/\/www.hoteldeverdun1882.com\/wp-content\/uploads\/2024\/11\/PDF-document.pdf\" target=\"_blank\">\n\t\t\t\t\t\tRead the article\t\t\t\t\t<\/a>\n\t\t\t\t\t<\/div>\n\t\t\t\t\t\t\t<\/div>\n\t\t\t\t\t\t<\/div>\n\t\t\t\t\t\t<\/div>\n\t\t\t\t<\/div>\n\t\t\t\t\t<\/div>\n\t\t\t\t<\/div>\n\t\t\t\t\t<\/div>\n\t\t\t\t<\/div>\n\t\t\t\t<\/div>","protected":false},"excerpt":{"rendered":"<p>Nos actualit\u00e9s L&rsquo;H\u00f4tel de Verdun 1882, un lieu o\u00f9 la culture et les \u00e9changes litt\u00e9raires prennent vie. \u00c0 travers notre partenariat avec la librairie L&rsquo;\u0152il Cacodylate, nous vous invitons \u00e0 d\u00e9couvrir les rencontres litt\u00e9raires qui rythment nos saisons, moments privil\u00e9gi\u00e9s o\u00f9 les auteurs et lecteurs se nourrissent mutuellement. Cette page vous permettra \u00e9galement d&rsquo;acc\u00e9der \u00e0 [&hellip;]<\/p>\n","protected":false},"author":12,"featured_media":0,"parent":0,"menu_order":0,"comment_status":"closed","ping_status":"closed","template":"","meta":{"inline_featured_image":false,"footnotes":""},"class_list":["post-4680","page","type-page","status-publish","hentry"],"_links":{"self":[{"href":"https:\/\/www.hoteldeverdun1882.com\/en\/wp-json\/wp\/v2\/pages\/4680","targetHints":{"allow":["GET"]}}],"collection":[{"href":"https:\/\/www.hoteldeverdun1882.com\/en\/wp-json\/wp\/v2\/pages"}],"about":[{"href":"https:\/\/www.hoteldeverdun1882.com\/en\/wp-json\/wp\/v2\/types\/page"}],"author":[{"embeddable":true,"href":"https:\/\/www.hoteldeverdun1882.com\/en\/wp-json\/wp\/v2\/users\/12"}],"replies":[{"embeddable":true,"href":"https:\/\/www.hoteldeverdun1882.com\/en\/wp-json\/wp\/v2\/comments?post=4680"}],"version-history":[{"count":74,"href":"https:\/\/www.hoteldeverdun1882.com\/en\/wp-json\/wp\/v2\/pages\/4680\/revisions"}],"predecessor-version":[{"id":4819,"href":"https:\/\/www.hoteldeverdun1882.com\/en\/wp-json\/wp\/v2\/pages\/4680\/revisions\/4819"}],"wp:attachment":[{"href":"https:\/\/www.hoteldeverdun1882.com\/en\/wp-json\/wp\/v2\/media?parent=4680"}],"curies":[{"name":"wp","href":"https:\/\/api.w.org\/{rel}","templated":true}]}}