{"id":27,"date":"2021-05-14T15:41:16","date_gmt":"2021-05-14T13:41:16","guid":{"rendered":"https:\/\/www.hoteldeverdun1882.com\/?page_id=27"},"modified":"2024-10-15T15:14:41","modified_gmt":"2024-10-15T13:14:41","slug":"living-at-the-1882-hotel-lyon-centre","status":"publish","type":"page","link":"https:\/\/www.hoteldeverdun1882.com\/en\/vivre-au-1882-hotel-lyon-centre\/","title":{"rendered":"Living in the 1882"},"content":{"rendered":"<div data-elementor-type=\"wp-page\" data-elementor-id=\"27\" class=\"elementor elementor-27\" data-elementor-post-type=\"page\">\n\t\t\t\t\t\t<section class=\"elementor-section elementor-top-section elementor-element elementor-element-3f28eb9 elementor-reverse-mobile elementor-section-boxed elementor-section-height-default elementor-section-height-default elementor-invisible\" data-id=\"3f28eb9\" data-element_type=\"section\" data-e-type=\"section\" data-settings=\"{&quot;background_background&quot;:&quot;classic&quot;,&quot;animation&quot;:&quot;fadeIn&quot;}\">\n\t\t\t\t\t\t<div class=\"elementor-container elementor-column-gap-default\">\n\t\t\t\t\t<div class=\"elementor-column elementor-col-50 elementor-top-column elementor-element elementor-element-ba82c41\" data-id=\"ba82c41\" data-element_type=\"column\" data-e-type=\"column\">\n\t\t\t<div class=\"elementor-widget-wrap elementor-element-populated\">\n\t\t\t\t\t\t<div class=\"elementor-element elementor-element-cd948f2 elementor-widget elementor-widget-menu-anchor\" data-id=\"cd948f2\" data-element_type=\"widget\" data-e-type=\"widget\" data-widget_type=\"menu-anchor.default\">\n\t\t\t\t<div class=\"elementor-widget-container\">\n\t\t\t\t\t\t\t<div class=\"elementor-menu-anchor\" id=\"le-petit-dejeuner\"><\/div>\n\t\t\t\t\t\t<\/div>\n\t\t\t\t<\/div>\n\t\t\t\t<div class=\"elementor-element elementor-element-d6afdea elementor-widget elementor-widget-heading\" data-id=\"d6afdea\" data-element_type=\"widget\" data-e-type=\"widget\" data-widget_type=\"heading.default\">\n\t\t\t\t<div class=\"elementor-widget-container\">\n\t\t\t\t\t<h1 class=\"elementor-heading-title elementor-size-default\">Enjoy the lyonnais art of living in our hotel in the center of Lyon<\/h1>\t\t\t\t<\/div>\n\t\t\t\t<\/div>\n\t\t\t\t<div class=\"elementor-element elementor-element-e765491 elementor-widget elementor-widget-text-editor\" data-id=\"e765491\" data-element_type=\"widget\" data-e-type=\"widget\" data-widget_type=\"text-editor.default\">\n\t\t\t\t<div class=\"elementor-widget-container\">\n\t\t\t\t\t\t\t\t\t<p>Breakfast is a privileged moment of exchange with our guests, so we pay particular attention to this convivial and gourmet moment. The hotel is located in THE street of Lyon's food industry. The ideal place to discover the best products of our local craftsmen. The Comt\u00e9 and Saint Marcellin cheeses come from the Mons cheese factory, and the bread from the Vieux P\u00e9trin, which uses local flours.<\/p><p>Our garden and orchard, facing south and located in the Pierres Dor\u00e9es region (south of Beaujolais), provide us with pears, plums and apples in autumn and small sun-drenched tomatoes in summer. This breakfast, presented on the central island, is to be savoured on the long bench near the windows or on the sofas... Verbena and mint infuse the refreshing water of the fountain which welcomes the visitor.<\/p>\t\t\t\t\t\t\t\t<\/div>\n\t\t\t\t<\/div>\n\t\t\t\t\t<\/div>\n\t\t<\/div>\n\t\t\t\t<div class=\"elementor-column elementor-col-50 elementor-top-column elementor-element elementor-element-0cf0f4a\" data-id=\"0cf0f4a\" data-element_type=\"column\" data-e-type=\"column\">\n\t\t\t<div class=\"elementor-widget-wrap elementor-element-populated\">\n\t\t\t\t\t\t<div class=\"elementor-element elementor-element-81d42e6 elementor-widget elementor-widget-image\" data-id=\"81d42e6\" data-element_type=\"widget\" data-e-type=\"widget\" data-widget_type=\"image.default\">\n\t\t\t\t<div class=\"elementor-widget-container\">\n\t\t\t\t\t\t\t\t\t\t\t\t\t\t\t<img decoding=\"async\" src=\"https:\/\/www.hoteldeverdun1882.com\/wp-content\/uploads\/elementor\/thumbs\/Hoteldeverdun1882_Lyon35-pf4ups7tjzhhmyet2ugyfqtj2jv9r1087ej51n0gg6.jpg\" title=\"Hoteldeverdun1882_Lyon35\" alt=\"Hoteldeverdun1882_Lyon35\" loading=\"lazy\" \/>\t\t\t\t\t\t\t\t\t\t\t\t\t\t\t<\/div>\n\t\t\t\t<\/div>\n\t\t\t\t\t<\/div>\n\t\t<\/div>\n\t\t\t\t\t<\/div>\n\t\t<\/section>\n\t\t\t\t<section class=\"elementor-section elementor-top-section elementor-element elementor-element-c75593d elementor-section-boxed elementor-section-height-default elementor-section-height-default\" data-id=\"c75593d\" data-element_type=\"section\" data-e-type=\"section\">\n\t\t\t\t\t\t<div class=\"elementor-container elementor-column-gap-default\">\n\t\t\t\t\t<div class=\"elementor-column elementor-col-100 elementor-top-column elementor-element elementor-element-9ea2a77\" data-id=\"9ea2a77\" data-element_type=\"column\" data-e-type=\"column\">\n\t\t\t<div class=\"elementor-widget-wrap elementor-element-populated\">\n\t\t\t\t\t\t<div class=\"elementor-element elementor-element-28220b1 elementor-widget elementor-widget-menu-anchor\" data-id=\"28220b1\" data-element_type=\"widget\" data-e-type=\"widget\" data-widget_type=\"menu-anchor.default\">\n\t\t\t\t<div class=\"elementor-widget-container\">\n\t\t\t\t\t\t\t<div class=\"elementor-menu-anchor\" id=\"service-massages\"><\/div>\n\t\t\t\t\t\t<\/div>\n\t\t\t\t<\/div>\n\t\t\t\t<div class=\"elementor-element elementor-element-5210fe1 elementor-widget elementor-widget-heading\" data-id=\"5210fe1\" data-element_type=\"widget\" data-e-type=\"widget\" data-widget_type=\"heading.default\">\n\t\t\t\t<div class=\"elementor-widget-container\">\n\t\t\t\t\t<h2 class=\"elementor-heading-title elementor-size-default\">MASSAGE SERVICE<\/h2>\t\t\t\t<\/div>\n\t\t\t\t<\/div>\n\t\t\t\t<div class=\"elementor-element elementor-element-eb61924 elementor-widget elementor-widget-text-editor\" data-id=\"eb61924\" data-element_type=\"widget\" data-e-type=\"widget\" data-widget_type=\"text-editor.default\">\n\t\t\t\t<div class=\"elementor-widget-container\">\n\t\t\t\t\t\t\t\t\t<p>We offer an in-room massage service (in Superior and Suite rooms only). To book your treatment, please contact Reception.<\/p><p>\u00a0<\/p><p>-Relaxing massage 30\/60\/90mn \u2192 40\/80\/130<\/p><p>-Personalized massage 30\/60\/90mn \u2192 40\/80\/130<\/p><p>-Circulatory massage (feet, legs) 30\/60\/90mn \u2192 40\/80\u20ac.<\/p><p>-Facial massage, cranial massage 30mn \u2192 40<\/p><p>\u00a0<\/p>\t\t\t\t\t\t\t\t<\/div>\n\t\t\t\t<\/div>\n\t\t\t\t\t<\/div>\n\t\t<\/div>\n\t\t\t\t\t<\/div>\n\t\t<\/section>\n\t\t\t\t<section class=\"elementor-section elementor-top-section elementor-element elementor-element-5de2b05 elementor-section-boxed elementor-section-height-default elementor-section-height-default elementor-invisible\" data-id=\"5de2b05\" data-element_type=\"section\" data-e-type=\"section\" data-settings=\"{&quot;background_background&quot;:&quot;classic&quot;,&quot;animation&quot;:&quot;fadeIn&quot;}\">\n\t\t\t\t\t\t<div class=\"elementor-container elementor-column-gap-default\">\n\t\t\t\t\t<div class=\"elementor-column elementor-col-50 elementor-top-column elementor-element elementor-element-6399c59\" data-id=\"6399c59\" data-element_type=\"column\" data-e-type=\"column\">\n\t\t\t<div class=\"elementor-widget-wrap elementor-element-populated\">\n\t\t\t\t\t\t<div class=\"elementor-element elementor-element-cf80efe elementor-widget elementor-widget-image\" data-id=\"cf80efe\" data-element_type=\"widget\" data-e-type=\"widget\" data-widget_type=\"image.default\">\n\t\t\t\t<div class=\"elementor-widget-container\">\n\t\t\t\t\t\t\t\t\t\t\t\t\t\t\t<img decoding=\"async\" src=\"https:\/\/www.hoteldeverdun1882.com\/wp-content\/uploads\/elementor\/thumbs\/web_hotel-de-verdun-1882_0002_CHP_HotelVerdun-134-pdla1em6g7jiwpu6uwv27ug8xyuxln7vrty2lq9x6u.jpg\" title=\"web_hotel de verdun 1882_0002_CHP_HotelVerdun-134\" alt=\"web_hotel de verdun 1882_0002_CHP_HotelVerdun-134\" loading=\"lazy\" \/>\t\t\t\t\t\t\t\t\t\t\t\t\t\t\t<\/div>\n\t\t\t\t<\/div>\n\t\t\t\t\t<\/div>\n\t\t<\/div>\n\t\t\t\t<div class=\"elementor-column elementor-col-50 elementor-top-column elementor-element elementor-element-5afbb1c\" data-id=\"5afbb1c\" data-element_type=\"column\" data-e-type=\"column\">\n\t\t\t<div class=\"elementor-widget-wrap elementor-element-populated\">\n\t\t\t\t\t\t<div class=\"elementor-element elementor-element-80e76b3 elementor-widget elementor-widget-menu-anchor\" data-id=\"80e76b3\" data-element_type=\"widget\" data-e-type=\"widget\" data-widget_type=\"menu-anchor.default\">\n\t\t\t\t<div class=\"elementor-widget-container\">\n\t\t\t\t\t\t\t<div class=\"elementor-menu-anchor\" id=\"notre-cuisine\"><\/div>\n\t\t\t\t\t\t<\/div>\n\t\t\t\t<\/div>\n\t\t\t\t<div class=\"elementor-element elementor-element-a4d3e06 elementor-widget elementor-widget-heading\" data-id=\"a4d3e06\" data-element_type=\"widget\" data-e-type=\"widget\" data-widget_type=\"heading.default\">\n\t\t\t\t<div class=\"elementor-widget-container\">\n\t\t\t\t\t<h2 class=\"elementor-heading-title elementor-size-default\">OUR KITCHEN<\/h2>\t\t\t\t<\/div>\n\t\t\t\t<\/div>\n\t\t\t\t<div class=\"elementor-element elementor-element-d2a806c elementor-widget elementor-widget-text-editor\" data-id=\"d2a806c\" data-element_type=\"widget\" data-e-type=\"widget\" data-widget_type=\"text-editor.default\">\n\t\t\t\t<div class=\"elementor-widget-container\">\n\t\t\t\t\t\t\t\t\t<p>Travelling with family or friends? And you don't feel like going out for dinner? Why not take advantage of our open kitchen to prepare a simple recipe yourself. We have an electric hob, a microwave oven, some utensils, our dinette and our drinks. The rest is up to you: do your shopping in the neighbourhood. A little preparation and you will have the pleasure of tasting your dishes among yourselves in the large room of 1882.<\/p><p>A unique experience is guaranteed.\u00a0<\/p>\t\t\t\t\t\t\t\t<\/div>\n\t\t\t\t<\/div>\n\t\t\t\t\t<\/div>\n\t\t<\/div>\n\t\t\t\t\t<\/div>\n\t\t<\/section>\n\t\t\t\t<\/div>","protected":false},"excerpt":{"rendered":"<p>savourez l&rsquo;art de vivre lyonnais dans notre h\u00f4tel au centre de lyon Le petit-d\u00e9jeuner est un moment privil\u00e9gi\u00e9 d\u2019\u00e9change avec nos h\u00f4tes, aussi nous apportons une attention particuli\u00e8re \u00e0 ce moment gourmand et convivial. L\u2019h\u00f4tel est situ\u00e9 dans LA rue des m\u00e9tiers de bouche de Lyon. L\u2019id\u00e9al pour d\u00e9couvrir les meilleurs produits de nos artisans [&hellip;]<\/p>\n","protected":false},"author":1,"featured_media":0,"parent":0,"menu_order":6,"comment_status":"closed","ping_status":"closed","template":"","meta":{"inline_featured_image":false,"footnotes":""},"class_list":["post-27","page","type-page","status-publish","hentry"],"_links":{"self":[{"href":"https:\/\/www.hoteldeverdun1882.com\/en\/wp-json\/wp\/v2\/pages\/27","targetHints":{"allow":["GET"]}}],"collection":[{"href":"https:\/\/www.hoteldeverdun1882.com\/en\/wp-json\/wp\/v2\/pages"}],"about":[{"href":"https:\/\/www.hoteldeverdun1882.com\/en\/wp-json\/wp\/v2\/types\/page"}],"author":[{"embeddable":true,"href":"https:\/\/www.hoteldeverdun1882.com\/en\/wp-json\/wp\/v2\/users\/1"}],"replies":[{"embeddable":true,"href":"https:\/\/www.hoteldeverdun1882.com\/en\/wp-json\/wp\/v2\/comments?post=27"}],"version-history":[{"count":125,"href":"https:\/\/www.hoteldeverdun1882.com\/en\/wp-json\/wp\/v2\/pages\/27\/revisions"}],"predecessor-version":[{"id":4666,"href":"https:\/\/www.hoteldeverdun1882.com\/en\/wp-json\/wp\/v2\/pages\/27\/revisions\/4666"}],"wp:attachment":[{"href":"https:\/\/www.hoteldeverdun1882.com\/en\/wp-json\/wp\/v2\/media?parent=27"}],"curies":[{"name":"wp","href":"https:\/\/api.w.org\/{rel}","templated":true}]}}