{"id":1272,"date":"2021-06-07T09:48:38","date_gmt":"2021-06-07T07:48:59","guid":{"rendered":"https:\/\/www.hoteldeverdun1882.com\/?page_id=1272"},"modified":"2024-03-05T12:25:14","modified_gmt":"2024-03-05T11:25:14","slug":"twin-room-4-star-hotel-lyon-centre","status":"publish","type":"page","link":"https:\/\/www.hoteldeverdun1882.com\/en\/nos-chambres-hotel-de-verdun-1882-lyon\/chambre-twin-hotel-4-etoiles-lyon-centre\/","title":{"rendered":"Twin room"},"content":{"rendered":"<div data-elementor-type=\"wp-page\" data-elementor-id=\"1272\" class=\"elementor elementor-1272\" data-elementor-post-type=\"page\">\n\t\t\t\t\t\t<section class=\"elementor-section elementor-top-section elementor-element elementor-element-5d800c2 elementor-section-full_width elementor-section-height-default elementor-section-height-default\" data-id=\"5d800c2\" data-element_type=\"section\" data-e-type=\"section\">\n\t\t\t\t\t\t<div class=\"elementor-container elementor-column-gap-default\">\n\t\t\t\t\t<div class=\"elementor-column elementor-col-100 elementor-top-column elementor-element elementor-element-274b716\" data-id=\"274b716\" data-element_type=\"column\" data-e-type=\"column\">\n\t\t\t<div class=\"elementor-widget-wrap elementor-element-populated\">\n\t\t\t\t\t\t<div class=\"elementor-element elementor-element-2fd1fcd elementor-widget elementor-widget-heading\" data-id=\"2fd1fcd\" data-element_type=\"widget\" data-e-type=\"widget\" data-widget_type=\"heading.default\">\n\t\t\t\t<div class=\"elementor-widget-container\">\n\t\t\t\t\t<span class=\"elementor-heading-title elementor-size-default\">TWIN ROOM<\/span>\t\t\t\t<\/div>\n\t\t\t\t<\/div>\n\t\t\t\t<section class=\"elementor-section elementor-inner-section elementor-element elementor-element-90ce2fd elementor-section-full_width elementor-section-height-default elementor-section-height-default\" data-id=\"90ce2fd\" data-element_type=\"section\" data-e-type=\"section\">\n\t\t\t\t\t\t<div class=\"elementor-container elementor-column-gap-custom\">\n\t\t\t\t\t<div class=\"elementor-column elementor-col-50 elementor-inner-column elementor-element elementor-element-bbe24a1\" data-id=\"bbe24a1\" data-element_type=\"column\" data-e-type=\"column\">\n\t\t\t<div class=\"elementor-widget-wrap elementor-element-populated\">\n\t\t\t\t\t\t<div class=\"elementor-element elementor-element-6bc7848 elementor-hidden-phone elementor-widget elementor-widget-image\" data-id=\"6bc7848\" data-element_type=\"widget\" data-e-type=\"widget\" data-widget_type=\"image.default\">\n\t\t\t\t<div class=\"elementor-widget-container\">\n\t\t\t\t\t\t\t\t\t\t\t\t\t\t\t<img decoding=\"async\" src=\"https:\/\/www.hoteldeverdun1882.com\/wp-content\/uploads\/elementor\/thumbs\/Hoteldeverdun1882_Lyon19-2-pf4uex6z0p043imp0pbp1jvwgjrlsk3akmu018yn8c.jpg\" title=\"Hoteldeverdun1882_Lyon19-(2)\" alt=\"Hoteldeverdun1882_Lyon19-(2)\" loading=\"lazy\" \/>\t\t\t\t\t\t\t\t\t\t\t\t\t\t\t<\/div>\n\t\t\t\t<\/div>\n\t\t\t\t\t<\/div>\n\t\t<\/div>\n\t\t\t\t<div class=\"elementor-column elementor-col-50 elementor-inner-column elementor-element elementor-element-2e3c09f\" data-id=\"2e3c09f\" data-element_type=\"column\" data-e-type=\"column\">\n\t\t\t<div class=\"elementor-widget-wrap elementor-element-populated\">\n\t\t\t\t\t\t<div class=\"elementor-element elementor-element-a40557c elementor-widget elementor-widget-image\" data-id=\"a40557c\" data-element_type=\"widget\" data-e-type=\"widget\" data-widget_type=\"image.default\">\n\t\t\t\t<div class=\"elementor-widget-container\">\n\t\t\t\t\t\t\t\t\t\t\t\t\t\t\t<img decoding=\"async\" src=\"https:\/\/www.hoteldeverdun1882.com\/wp-content\/uploads\/elementor\/thumbs\/web_hotel-de-verdun-1882___0000_CHP_HotelVerdun-90-pdpysfetio4ggequ7dpvjg7inlbpm5bdmvxou132ns.jpg\" title=\"web_hotel de verdun 1882___0000_CHP_HotelVerdun-90\" alt=\"Twin room\" loading=\"lazy\" \/>\t\t\t\t\t\t\t\t\t\t\t\t\t\t\t<\/div>\n\t\t\t\t<\/div>\n\t\t\t\t<div class=\"elementor-element elementor-element-a9cca44 elementor-widget elementor-widget-image\" data-id=\"a9cca44\" data-element_type=\"widget\" data-e-type=\"widget\" data-widget_type=\"image.default\">\n\t\t\t\t<div class=\"elementor-widget-container\">\n\t\t\t\t\t\t\t\t\t\t\t\t\t\t\t<img decoding=\"async\" src=\"https:\/\/www.hoteldeverdun1882.com\/wp-content\/uploads\/elementor\/thumbs\/CHP_HotelVerdun-53-pf4u7ehgcennp2brmeo0xzy43vy10apoywtb4skm60.jpg\" title=\"CHP_HotelVerdun-53\" alt=\"CHP_HotelVerdun-53\" loading=\"lazy\" \/>\t\t\t\t\t\t\t\t\t\t\t\t\t\t\t<\/div>\n\t\t\t\t<\/div>\n\t\t\t\t\t<\/div>\n\t\t<\/div>\n\t\t\t\t\t<\/div>\n\t\t<\/section>\n\t\t\t\t<section class=\"elementor-section elementor-inner-section elementor-element elementor-element-3decf46 elementor-section-boxed elementor-section-height-default elementor-section-height-default\" data-id=\"3decf46\" data-element_type=\"section\" data-e-type=\"section\">\n\t\t\t\t\t\t<div class=\"elementor-container elementor-column-gap-default\">\n\t\t\t\t\t<div class=\"elementor-column elementor-col-100 elementor-inner-column elementor-element elementor-element-e71ab4e\" data-id=\"e71ab4e\" data-element_type=\"column\" data-e-type=\"column\">\n\t\t\t<div class=\"elementor-widget-wrap elementor-element-populated\">\n\t\t\t\t\t\t<div class=\"elementor-element elementor-element-113f659 elementor-widget elementor-widget-heading\" data-id=\"113f659\" data-element_type=\"widget\" data-e-type=\"widget\" data-widget_type=\"heading.default\">\n\t\t\t\t<div class=\"elementor-widget-container\">\n\t\t\t\t\t<h1 class=\"elementor-heading-title elementor-size-default\"><h1 data-elementor-setting-key=\"title\" data-pen-placeholder=\"\u00c9crivez ici...\" style=\"letter-spacing: -0.4px\">A STAY WITH FRIENDS AT THE 4-STAR LYON CENTER HOTEL<\/h1><\/h1>\t\t\t\t<\/div>\n\t\t\t\t<\/div>\n\t\t\t\t<div class=\"elementor-element elementor-element-8f79e58 elementor-widget elementor-widget-text-editor\" data-id=\"8f79e58\" data-element_type=\"widget\" data-e-type=\"widget\" data-widget_type=\"text-editor.default\">\n\t\t\t\t<div class=\"elementor-widget-container\">\n\t\t\t\t\t\t\t\t\t<p>This stylish room has a good volume and a well laid out and practical bathroom. Headboard panelling, beautiful materials and soft lighting make it an ideal space to recharge before exploring the city.<\/p>\t\t\t\t\t\t\t\t<\/div>\n\t\t\t\t<\/div>\n\t\t\t\t<div class=\"elementor-element elementor-element-f36dfd1 elementor-align-left bouton-maillage elementor-widget elementor-widget-button\" data-id=\"f36dfd1\" data-element_type=\"widget\" data-e-type=\"widget\" data-widget_type=\"button.default\">\n\t\t\t\t<div class=\"elementor-widget-container\">\n\t\t\t\t\t\t\t\t\t<div class=\"elementor-button-wrapper\">\n\t\t\t\t\t<a class=\"elementor-button elementor-button-link elementor-size-md\" href=\"https:\/\/www.secure-hotel-booking.com\/smart\/Hotel-de-Verdun-1882\/J7K4\/en\/#\/RoomSelection\" target=\"_blank\" rel=\"noopener\">\n\t\t\t\t\t\t<span class=\"elementor-button-content-wrapper\">\n\t\t\t\t\t\t<span class=\"elementor-button-icon\">\n\t\t\t\t<svg xmlns=\"http:\/\/www.w3.org\/2000\/svg\" width=\"37.834\" height=\"6.251\" viewbox=\"0 0 37.834 6.251\"><g id=\"Groupe_613\" data-name=\"Groupe 613\" transform=\"translate(-344.97 -1475.88)\"><path id=\"Trac&#xE9;_1528\" data-name=\"Trac&#xE9; 1528\" d=\"M190.232,790.395a3.124,3.124,0,1,1-3.124-3.124,3.125,3.125,0,0,1,3.124,3.124\" transform=\"translate(160.986 688.609)\" fill=\"#506e8a\"><\/path><path id=\"Trac&#xE9;_1529\" data-name=\"Trac&#xE9; 1529\" d=\"M198.657,790.395a3.126,3.126,0,1,1-3.124-3.124,3.125,3.125,0,0,1,3.124,3.124\" transform=\"translate(168.355 688.609)\" fill=\"#506e8a\"><\/path><path id=\"Trac&#xE9;_1530\" data-name=\"Trac&#xE9; 1530\" d=\"M207.077,790.395a3.124,3.124,0,1,1-3.124-3.124,3.125,3.125,0,0,1,3.124,3.124\" transform=\"translate(175.727 688.609)\" fill=\"#506e8a\"><\/path><\/g><\/svg>\t\t\t<\/span>\n\t\t\t\t\t\t\t\t\t<span class=\"elementor-button-text\">book<\/span>\n\t\t\t\t\t<\/span>\n\t\t\t\t\t<\/a>\n\t\t\t\t<\/div>\n\t\t\t\t\t\t\t\t<\/div>\n\t\t\t\t<\/div>\n\t\t\t\t\t<\/div>\n\t\t<\/div>\n\t\t\t\t\t<\/div>\n\t\t<\/section>\n\t\t\t\t\t<\/div>\n\t\t<\/div>\n\t\t\t\t\t<\/div>\n\t\t<\/section>\n\t\t\t\t<section class=\"elementor-section elementor-top-section elementor-element elementor-element-1b3ebde elementor-section-full_width elementor-section-height-default elementor-section-height-default\" data-id=\"1b3ebde\" data-element_type=\"section\" data-e-type=\"section\" id=\"services-sans-photo\" data-settings=\"{&quot;background_background&quot;:&quot;classic&quot;}\">\n\t\t\t\t\t\t<div class=\"elementor-container elementor-column-gap-default\">\n\t\t\t\t\t<div class=\"elementor-column elementor-col-100 elementor-top-column elementor-element elementor-element-79a63fd\" data-id=\"79a63fd\" data-element_type=\"column\" data-e-type=\"column\">\n\t\t\t<div class=\"elementor-widget-wrap elementor-element-populated\">\n\t\t\t\t\t\t<section class=\"elementor-section elementor-inner-section elementor-element elementor-element-bf9509b elementor-section-boxed elementor-section-height-default elementor-section-height-default\" data-id=\"bf9509b\" data-element_type=\"section\" data-e-type=\"section\">\n\t\t\t\t\t\t<div class=\"elementor-container elementor-column-gap-default\">\n\t\t\t\t\t<div class=\"elementor-column elementor-col-100 elementor-inner-column elementor-element elementor-element-a4d014c\" data-id=\"a4d014c\" data-element_type=\"column\" data-e-type=\"column\">\n\t\t\t<div class=\"elementor-widget-wrap elementor-element-populated\">\n\t\t\t\t\t\t<div class=\"elementor-element elementor-element-006d943 elementor-widget elementor-widget-heading\" data-id=\"006d943\" data-element_type=\"widget\" data-e-type=\"widget\" data-widget_type=\"heading.default\">\n\t\t\t\t<div class=\"elementor-widget-container\">\n\t\t\t\t\t<h2 class=\"elementor-heading-title elementor-size-default\">Services and Facilities<\/h2>\t\t\t\t<\/div>\n\t\t\t\t<\/div>\n\t\t\t\t<div class=\"elementor-element elementor-element-b08e0e2 elementor-icon-list--layout-inline elementor-align-start liste-services2  liste-sans-icones liste-par-4 elementor-mobile-align-start elementor-list-item-link-full_width elementor-widget elementor-widget-icon-list\" data-id=\"b08e0e2\" data-element_type=\"widget\" data-e-type=\"widget\" id=\"liste-services\" data-widget_type=\"icon-list.default\">\n\t\t\t\t<div class=\"elementor-widget-container\">\n\t\t\t\t\t\t\t<ul class=\"elementor-icon-list-items elementor-inline-items\">\n\t\t\t\t\t\t\t<li class=\"elementor-icon-list-item elementor-inline-item\">\n\t\t\t\t\t\t\t\t\t\t<span class=\"elementor-icon-list-text\">Surface area 20 M\u00b2. <\/span>\n\t\t\t\t\t\t\t\t\t<\/li>\n\t\t\t\t\t\t\t\t<li class=\"elementor-icon-list-item elementor-inline-item\">\n\t\t\t\t\t\t\t\t\t\t<span class=\"elementor-icon-list-text\">Air conditioning<\/span>\n\t\t\t\t\t\t\t\t\t<\/li>\n\t\t\t\t\t\t\t\t<li class=\"elementor-icon-list-item elementor-inline-item\">\n\t\t\t\t\t\t\t\t\t\t<span class=\"elementor-icon-list-text\">Hospitality products<br>eco-friendly organic<\/span>\n\t\t\t\t\t\t\t\t\t<\/li>\n\t\t\t\t\t\t\t\t<li class=\"elementor-icon-list-item elementor-inline-item\">\n\t\t\t\t\t\t\t\t\t\t<span class=\"elementor-icon-list-text\">Shower and hairdryer<\/span>\n\t\t\t\t\t\t\t\t\t<\/li>\n\t\t\t\t\t\t\t\t<li class=\"elementor-icon-list-item elementor-inline-item\">\n\t\t\t\t\t\t\t\t\t\t<span class=\"elementor-icon-list-text\">High-speed Wi-Fi<\/span>\n\t\t\t\t\t\t\t\t\t<\/li>\n\t\t\t\t\t\t\t\t<li class=\"elementor-icon-list-item elementor-inline-item\">\n\t\t\t\t\t\t\t\t\t\t<span class=\"elementor-icon-list-text\">Television <br>flat screen <br>43 inches<\/span>\n\t\t\t\t\t\t\t\t\t<\/li>\n\t\t\t\t\t\t\t\t<li class=\"elementor-icon-list-item elementor-inline-item\">\n\t\t\t\t\t\t\t\t\t\t<span class=\"elementor-icon-list-text\">Carafe of filtered water  <\/span>\n\t\t\t\t\t\t\t\t\t<\/li>\n\t\t\t\t\t\t\t\t<li class=\"elementor-icon-list-item elementor-inline-item\">\n\t\t\t\t\t\t\t\t\t\t<span class=\"elementor-icon-list-text\">Pressing<br>on request<\/span>\n\t\t\t\t\t\t\t\t\t<\/li>\n\t\t\t\t\t\t\t\t<li class=\"elementor-icon-list-item elementor-inline-item\">\n\t\t\t\t\t\t\t\t\t\t<span class=\"elementor-icon-list-text\">2 beds 90cmx200cm<\/span>\n\t\t\t\t\t\t\t\t\t<\/li>\n\t\t\t\t\t\t\t\t<li class=\"elementor-icon-list-item elementor-inline-item\">\n\t\t\t\t\t\t\t\t\t\t<span class=\"elementor-icon-list-text\">Safe<\/span>\n\t\t\t\t\t\t\t\t\t<\/li>\n\t\t\t\t\t\t\t\t<li class=\"elementor-icon-list-item elementor-inline-item\">\n\t\t\t\t\t\t\t\t\t\t<span class=\"elementor-icon-list-text\">Plateau of <br>courtesy<\/span>\n\t\t\t\t\t\t\t\t\t<\/li>\n\t\t\t\t\t\t\t\t<li class=\"elementor-icon-list-item elementor-inline-item\">\n\t\t\t\t\t\t\t\t\t\t<span class=\"elementor-icon-list-text\">USB sockets<br>individual <\/span>\n\t\t\t\t\t\t\t\t\t<\/li>\n\t\t\t\t\t\t\t\t<li class=\"elementor-icon-list-item elementor-inline-item\">\n\t\t\t\t\t\t\t\t\t\t<span class=\"elementor-icon-list-text\">Bed linen and <br>terry towels <br>made of ecological cotton<\/span>\n\t\t\t\t\t\t\t\t\t<\/li>\n\t\t\t\t\t\t<\/ul>\n\t\t\t\t\t\t<\/div>\n\t\t\t\t<\/div>\n\t\t\t\t\t<\/div>\n\t\t<\/div>\n\t\t\t\t\t<\/div>\n\t\t<\/section>\n\t\t\t\t\t<\/div>\n\t\t<\/div>\n\t\t\t\t\t<\/div>\n\t\t<\/section>\n\t\t\t\t<\/div>","protected":false},"excerpt":{"rendered":"<p>CHAMBRE TWIN SEJOUR ENTRE AMIS A L&rsquo;H\u00d4TEL 4 ETOILES LYON CENTRE Cette chambre styl\u00e9e au beau volume est dot\u00e9e d\u2019une salle de bain bien agenc\u00e9e et pratique. Le panneautage des t\u00eates de lit, les belles mati\u00e8res et les \u00e9clairages doux en font un espace id\u00e9al pour se ressourcer avant d\u2019explorer la ville. r\u00e9server Services et [&hellip;]<\/p>\n","protected":false},"author":1,"featured_media":0,"parent":23,"menu_order":3,"comment_status":"closed","ping_status":"closed","template":"","meta":{"inline_featured_image":false,"footnotes":""},"class_list":["post-1272","page","type-page","status-publish","hentry"],"_links":{"self":[{"href":"https:\/\/www.hoteldeverdun1882.com\/en\/wp-json\/wp\/v2\/pages\/1272","targetHints":{"allow":["GET"]}}],"collection":[{"href":"https:\/\/www.hoteldeverdun1882.com\/en\/wp-json\/wp\/v2\/pages"}],"about":[{"href":"https:\/\/www.hoteldeverdun1882.com\/en\/wp-json\/wp\/v2\/types\/page"}],"author":[{"embeddable":true,"href":"https:\/\/www.hoteldeverdun1882.com\/en\/wp-json\/wp\/v2\/users\/1"}],"replies":[{"embeddable":true,"href":"https:\/\/www.hoteldeverdun1882.com\/en\/wp-json\/wp\/v2\/comments?post=1272"}],"version-history":[{"count":146,"href":"https:\/\/www.hoteldeverdun1882.com\/en\/wp-json\/wp\/v2\/pages\/1272\/revisions"}],"predecessor-version":[{"id":4534,"href":"https:\/\/www.hoteldeverdun1882.com\/en\/wp-json\/wp\/v2\/pages\/1272\/revisions\/4534"}],"up":[{"embeddable":true,"href":"https:\/\/www.hoteldeverdun1882.com\/en\/wp-json\/wp\/v2\/pages\/23"}],"wp:attachment":[{"href":"https:\/\/www.hoteldeverdun1882.com\/en\/wp-json\/wp\/v2\/media?parent=1272"}],"curies":[{"name":"wp","href":"https:\/\/api.w.org\/{rel}","templated":true}]}}