{"id":27,"date":"2021-05-14T15:41:16","date_gmt":"2021-05-14T13:41:16","guid":{"rendered":"https:\/\/www.hoteldeverdun1882.com\/?page_id=27"},"modified":"2024-10-15T15:14:41","modified_gmt":"2024-10-15T13:14:41","slug":"leben-im-1882-hotel-lyon-centre","status":"publish","type":"page","link":"https:\/\/www.hoteldeverdun1882.com\/de\/vivre-au-1882-hotel-lyon-centre\/","title":{"rendered":"Leben im 1882"},"content":{"rendered":"<div data-elementor-type=\"wp-page\" data-elementor-id=\"27\" class=\"elementor elementor-27\" data-elementor-post-type=\"page\">\n\t\t\t\t\t\t<section class=\"elementor-section elementor-top-section elementor-element elementor-element-3f28eb9 elementor-reverse-mobile elementor-section-boxed elementor-section-height-default elementor-section-height-default elementor-invisible\" data-id=\"3f28eb9\" data-element_type=\"section\" data-e-type=\"section\" data-settings=\"{&quot;background_background&quot;:&quot;classic&quot;,&quot;animation&quot;:&quot;fadeIn&quot;}\">\n\t\t\t\t\t\t<div class=\"elementor-container elementor-column-gap-default\">\n\t\t\t\t\t<div class=\"elementor-column elementor-col-50 elementor-top-column elementor-element elementor-element-ba82c41\" data-id=\"ba82c41\" data-element_type=\"column\" data-e-type=\"column\">\n\t\t\t<div class=\"elementor-widget-wrap elementor-element-populated\">\n\t\t\t\t\t\t<div class=\"elementor-element elementor-element-cd948f2 elementor-widget elementor-widget-menu-anchor\" data-id=\"cd948f2\" data-element_type=\"widget\" data-e-type=\"widget\" data-widget_type=\"menu-anchor.default\">\n\t\t\t\t<div class=\"elementor-widget-container\">\n\t\t\t\t\t\t\t<div class=\"elementor-menu-anchor\" id=\"le-petit-dejeuner\"><\/div>\n\t\t\t\t\t\t<\/div>\n\t\t\t\t<\/div>\n\t\t\t\t<div class=\"elementor-element elementor-element-d6afdea elementor-widget elementor-widget-heading\" data-id=\"d6afdea\" data-element_type=\"widget\" data-e-type=\"widget\" data-widget_type=\"heading.default\">\n\t\t\t\t<div class=\"elementor-widget-container\">\n\t\t\t\t\t<h1 class=\"elementor-heading-title elementor-size-default\">Genie\u00dfen Sie die Lyoner Lebensart in unserem Hotel im Zentrum von Lyon<\/h1>\t\t\t\t<\/div>\n\t\t\t\t<\/div>\n\t\t\t\t<div class=\"elementor-element elementor-element-e765491 elementor-widget elementor-widget-text-editor\" data-id=\"e765491\" data-element_type=\"widget\" data-e-type=\"widget\" data-widget_type=\"text-editor.default\">\n\t\t\t\t<div class=\"elementor-widget-container\">\n\t\t\t\t\t\t\t\t\t<p>Das Fr\u00fchst\u00fcck ist ein besonderer Moment des Austauschs mit unseren G\u00e4sten, daher widmen wir diesem leckeren und geselligen Moment besondere Aufmerksamkeit. Das Hotel befindet sich in DER Stra\u00dfe der Gastronomie in Lyon. Der ideale Ort, um die besten Produkte unserer lokalen Handwerker zu entdecken. Der Comt\u00e9 und der Saint Marcellin stammen aus der K\u00e4serei Mons, das Brot aus dem Vieux P\u00e9trin, der lokale Mehle verwendet.<\/p><p>Unser nach S\u00fcden ausgerichteter Garten und Obstgarten in der Region Pierres Dor\u00e9es (s\u00fcdlich des Beaujolais) versorgt uns im Herbst mit Birnen, Pflaumen und \u00c4pfeln und im Sommer mit kleinen, sonnenverw\u00f6hnten Tomaten. Dieses auf der Mittelinsel pr\u00e4sentierte Fr\u00fchst\u00fcck kann auf der langen Bank neben den Fenstern oder auf den Sofas genossen werden... Eisenkraut und Minze durchziehen das erfrischende Wasser des Brunnens, der den Besucher empf\u00e4ngt.<\/p>\t\t\t\t\t\t\t\t<\/div>\n\t\t\t\t<\/div>\n\t\t\t\t\t<\/div>\n\t\t<\/div>\n\t\t\t\t<div class=\"elementor-column elementor-col-50 elementor-top-column elementor-element elementor-element-0cf0f4a\" data-id=\"0cf0f4a\" data-element_type=\"column\" data-e-type=\"column\">\n\t\t\t<div class=\"elementor-widget-wrap elementor-element-populated\">\n\t\t\t\t\t\t<div class=\"elementor-element elementor-element-81d42e6 elementor-widget elementor-widget-image\" data-id=\"81d42e6\" data-element_type=\"widget\" data-e-type=\"widget\" data-widget_type=\"image.default\">\n\t\t\t\t<div class=\"elementor-widget-container\">\n\t\t\t\t\t\t\t\t\t\t\t\t\t\t\t<img decoding=\"async\" src=\"https:\/\/www.hoteldeverdun1882.com\/wp-content\/uploads\/elementor\/thumbs\/Hoteldeverdun1882_Lyon35-pf4ups7tjzhhmyet2ugyfqtj2jv9r1087ej51n0gg6.jpg\" title=\"Hoteldeverdun1882_Lyon35\" alt=\"Hoteldeverdun1882_Lyon35\" loading=\"lazy\" \/>\t\t\t\t\t\t\t\t\t\t\t\t\t\t\t<\/div>\n\t\t\t\t<\/div>\n\t\t\t\t\t<\/div>\n\t\t<\/div>\n\t\t\t\t\t<\/div>\n\t\t<\/section>\n\t\t\t\t<section class=\"elementor-section elementor-top-section elementor-element elementor-element-c75593d elementor-section-boxed elementor-section-height-default elementor-section-height-default\" data-id=\"c75593d\" data-element_type=\"section\" data-e-type=\"section\">\n\t\t\t\t\t\t<div class=\"elementor-container elementor-column-gap-default\">\n\t\t\t\t\t<div class=\"elementor-column elementor-col-100 elementor-top-column elementor-element elementor-element-9ea2a77\" data-id=\"9ea2a77\" data-element_type=\"column\" data-e-type=\"column\">\n\t\t\t<div class=\"elementor-widget-wrap elementor-element-populated\">\n\t\t\t\t\t\t<div class=\"elementor-element elementor-element-28220b1 elementor-widget elementor-widget-menu-anchor\" data-id=\"28220b1\" data-element_type=\"widget\" data-e-type=\"widget\" data-widget_type=\"menu-anchor.default\">\n\t\t\t\t<div class=\"elementor-widget-container\">\n\t\t\t\t\t\t\t<div class=\"elementor-menu-anchor\" id=\"service-massages\"><\/div>\n\t\t\t\t\t\t<\/div>\n\t\t\t\t<\/div>\n\t\t\t\t<div class=\"elementor-element elementor-element-5210fe1 elementor-widget elementor-widget-heading\" data-id=\"5210fe1\" data-element_type=\"widget\" data-e-type=\"widget\" data-widget_type=\"heading.default\">\n\t\t\t\t<div class=\"elementor-widget-container\">\n\t\t\t\t\t<h2 class=\"elementor-heading-title elementor-size-default\">MASSAGESERVICE<\/h2>\t\t\t\t<\/div>\n\t\t\t\t<\/div>\n\t\t\t\t<div class=\"elementor-element elementor-element-eb61924 elementor-widget elementor-widget-text-editor\" data-id=\"eb61924\" data-element_type=\"widget\" data-e-type=\"widget\" data-widget_type=\"text-editor.default\">\n\t\t\t\t<div class=\"elementor-widget-container\">\n\t\t\t\t\t\t\t\t\t<p>Wir bieten Ihnen einen Massageservice im Zimmer an (nur in Superior- und Suite-Zimmern). Um Ihre Behandlung zu buchen, wenden Sie sich bitte an die Rezeption.<\/p><p>\u00a0<\/p><p>-Entspannungsmassage 30\/60\/90mn \u2192 40\/80\/130\u20ac<\/p><p>-Pers\u00f6nliche Massage 30\/60\/90mn \u2192 40\/80\/130\u20ac<\/p><p>-Kreislaufmassage (F\u00fc\u00dfe, Beine) 30\/60\/90mn \u2192 40\/ 80\u20ac<\/p><p>Gesichts-, Kopfmassage 30mn \u2192 40\u20ac<\/p><p>\u00a0<\/p>\t\t\t\t\t\t\t\t<\/div>\n\t\t\t\t<\/div>\n\t\t\t\t\t<\/div>\n\t\t<\/div>\n\t\t\t\t\t<\/div>\n\t\t<\/section>\n\t\t\t\t<section class=\"elementor-section elementor-top-section elementor-element elementor-element-5de2b05 elementor-section-boxed elementor-section-height-default elementor-section-height-default elementor-invisible\" data-id=\"5de2b05\" data-element_type=\"section\" data-e-type=\"section\" data-settings=\"{&quot;background_background&quot;:&quot;classic&quot;,&quot;animation&quot;:&quot;fadeIn&quot;}\">\n\t\t\t\t\t\t<div class=\"elementor-container elementor-column-gap-default\">\n\t\t\t\t\t<div class=\"elementor-column elementor-col-50 elementor-top-column elementor-element elementor-element-6399c59\" data-id=\"6399c59\" data-element_type=\"column\" data-e-type=\"column\">\n\t\t\t<div class=\"elementor-widget-wrap elementor-element-populated\">\n\t\t\t\t\t\t<div class=\"elementor-element elementor-element-cf80efe elementor-widget elementor-widget-image\" data-id=\"cf80efe\" data-element_type=\"widget\" data-e-type=\"widget\" data-widget_type=\"image.default\">\n\t\t\t\t<div class=\"elementor-widget-container\">\n\t\t\t\t\t\t\t\t\t\t\t\t\t\t\t<img decoding=\"async\" src=\"https:\/\/www.hoteldeverdun1882.com\/wp-content\/uploads\/elementor\/thumbs\/web_hotel-de-verdun-1882_0002_CHP_HotelVerdun-134-pdla1em6g7jiwpu6uwv27ug8xyuxln7vrty2lq9x6u.jpg\" title=\"web_hotel de verdun 1882_0002_CHP_HotelVerdun-134\" alt=\"web_hotel de verdun 1882_0002_CHP_HotelVerdun-134\" loading=\"lazy\" \/>\t\t\t\t\t\t\t\t\t\t\t\t\t\t\t<\/div>\n\t\t\t\t<\/div>\n\t\t\t\t\t<\/div>\n\t\t<\/div>\n\t\t\t\t<div class=\"elementor-column elementor-col-50 elementor-top-column elementor-element elementor-element-5afbb1c\" data-id=\"5afbb1c\" data-element_type=\"column\" data-e-type=\"column\">\n\t\t\t<div class=\"elementor-widget-wrap elementor-element-populated\">\n\t\t\t\t\t\t<div class=\"elementor-element elementor-element-80e76b3 elementor-widget elementor-widget-menu-anchor\" data-id=\"80e76b3\" data-element_type=\"widget\" data-e-type=\"widget\" data-widget_type=\"menu-anchor.default\">\n\t\t\t\t<div class=\"elementor-widget-container\">\n\t\t\t\t\t\t\t<div class=\"elementor-menu-anchor\" id=\"notre-cuisine\"><\/div>\n\t\t\t\t\t\t<\/div>\n\t\t\t\t<\/div>\n\t\t\t\t<div class=\"elementor-element elementor-element-a4d3e06 elementor-widget elementor-widget-heading\" data-id=\"a4d3e06\" data-element_type=\"widget\" data-e-type=\"widget\" data-widget_type=\"heading.default\">\n\t\t\t\t<div class=\"elementor-widget-container\">\n\t\t\t\t\t<h2 class=\"elementor-heading-title elementor-size-default\">UNSERE K\u00dcCHE<\/h2>\t\t\t\t<\/div>\n\t\t\t\t<\/div>\n\t\t\t\t<div class=\"elementor-element elementor-element-d2a806c elementor-widget elementor-widget-text-editor\" data-id=\"d2a806c\" data-element_type=\"widget\" data-e-type=\"widget\" data-widget_type=\"text-editor.default\">\n\t\t\t\t<div class=\"elementor-widget-container\">\n\t\t\t\t\t\t\t\t\t<p>Reisen Sie mit der Familie oder mit Freunden? Und haben Sie nicht das Bed\u00fcrfnis, wieder nach drau\u00dfen zu gehen, um ausw\u00e4rts zu essen? Warum nutzen Sie nicht unsere offene K\u00fcche, um ein einfaches Rezept selbst zuzubereiten? Wir stellen Ihnen eine elektrische Kochplatte, eine Mikrowelle, einige Utensilien, unsere Dinette und unsere Getr\u00e4nke zur Verf\u00fcgung. F\u00fcr den Rest sind Sie zust\u00e4ndig: Gehen Sie in der Nachbarschaft einkaufen. Ein wenig Vorbereitung und Sie werden das Vergn\u00fcgen haben, Ihre Gerichte unter sich im gro\u00dfen Saal des 1882 zu genie\u00dfen.<\/p><p>Einzigartiges Erlebnis garantiert.\u00a0<\/p>\t\t\t\t\t\t\t\t<\/div>\n\t\t\t\t<\/div>\n\t\t\t\t\t<\/div>\n\t\t<\/div>\n\t\t\t\t\t<\/div>\n\t\t<\/section>\n\t\t\t\t<\/div>","protected":false},"excerpt":{"rendered":"<p>savourez l&rsquo;art de vivre lyonnais dans notre h\u00f4tel au centre de lyon Le petit-d\u00e9jeuner est un moment privil\u00e9gi\u00e9 d\u2019\u00e9change avec nos h\u00f4tes, aussi nous apportons une attention particuli\u00e8re \u00e0 ce moment gourmand et convivial. L\u2019h\u00f4tel est situ\u00e9 dans LA rue des m\u00e9tiers de bouche de Lyon. L\u2019id\u00e9al pour d\u00e9couvrir les meilleurs produits de nos artisans [&hellip;]<\/p>\n","protected":false},"author":1,"featured_media":0,"parent":0,"menu_order":6,"comment_status":"closed","ping_status":"closed","template":"","meta":{"inline_featured_image":false,"footnotes":""},"class_list":["post-27","page","type-page","status-publish","hentry"],"_links":{"self":[{"href":"https:\/\/www.hoteldeverdun1882.com\/de\/wp-json\/wp\/v2\/pages\/27","targetHints":{"allow":["GET"]}}],"collection":[{"href":"https:\/\/www.hoteldeverdun1882.com\/de\/wp-json\/wp\/v2\/pages"}],"about":[{"href":"https:\/\/www.hoteldeverdun1882.com\/de\/wp-json\/wp\/v2\/types\/page"}],"author":[{"embeddable":true,"href":"https:\/\/www.hoteldeverdun1882.com\/de\/wp-json\/wp\/v2\/users\/1"}],"replies":[{"embeddable":true,"href":"https:\/\/www.hoteldeverdun1882.com\/de\/wp-json\/wp\/v2\/comments?post=27"}],"version-history":[{"count":125,"href":"https:\/\/www.hoteldeverdun1882.com\/de\/wp-json\/wp\/v2\/pages\/27\/revisions"}],"predecessor-version":[{"id":4666,"href":"https:\/\/www.hoteldeverdun1882.com\/de\/wp-json\/wp\/v2\/pages\/27\/revisions\/4666"}],"wp:attachment":[{"href":"https:\/\/www.hoteldeverdun1882.com\/de\/wp-json\/wp\/v2\/media?parent=27"}],"curies":[{"name":"wp","href":"https:\/\/api.w.org\/{rel}","templated":true}]}}