{"id":1274,"date":"2021-06-07T09:49:45","date_gmt":"2021-06-07T07:49:45","guid":{"rendered":"https:\/\/www.hoteldeverdun1882.com\/?page_id=1274"},"modified":"2024-03-05T12:27:02","modified_gmt":"2024-03-05T11:27:02","slug":"freundliches-familienzimmer-hotel-lyon-presquile","status":"publish","type":"page","link":"https:\/\/www.hoteldeverdun1882.com\/de\/nos-chambres-hotel-de-verdun-1882-lyon\/chambre-familiale-et-amicale-hotel-lyon-presquile\/","title":{"rendered":"Familien- und Freundeszimmer"},"content":{"rendered":"<div data-elementor-type=\"wp-page\" data-elementor-id=\"1274\" class=\"elementor elementor-1274\" data-elementor-post-type=\"page\">\n\t\t\t\t\t\t<section class=\"elementor-section elementor-top-section elementor-element elementor-element-5d800c2 elementor-section-full_width elementor-section-height-default elementor-section-height-default\" data-id=\"5d800c2\" data-element_type=\"section\" data-e-type=\"section\">\n\t\t\t\t\t\t<div class=\"elementor-container elementor-column-gap-default\">\n\t\t\t\t\t<div class=\"elementor-column elementor-col-100 elementor-top-column elementor-element elementor-element-274b716\" data-id=\"274b716\" data-element_type=\"column\" data-e-type=\"column\">\n\t\t\t<div class=\"elementor-widget-wrap elementor-element-populated\">\n\t\t\t\t\t\t<div class=\"elementor-element elementor-element-2fd1fcd elementor-widget elementor-widget-heading\" data-id=\"2fd1fcd\" data-element_type=\"widget\" data-e-type=\"widget\" data-widget_type=\"heading.default\">\n\t\t\t\t<div class=\"elementor-widget-container\">\n\t\t\t\t\t<span class=\"elementor-heading-title elementor-size-default\">FAMILI\u00c4RES UND FREUNDLICHES ZIMMER<\/span>\t\t\t\t<\/div>\n\t\t\t\t<\/div>\n\t\t\t\t<section class=\"elementor-section elementor-inner-section elementor-element elementor-element-90ce2fd elementor-section-full_width elementor-section-height-default elementor-section-height-default\" data-id=\"90ce2fd\" data-element_type=\"section\" data-e-type=\"section\">\n\t\t\t\t\t\t<div class=\"elementor-container elementor-column-gap-custom\">\n\t\t\t\t\t<div class=\"elementor-column elementor-col-50 elementor-inner-column elementor-element elementor-element-bbe24a1\" data-id=\"bbe24a1\" data-element_type=\"column\" data-e-type=\"column\">\n\t\t\t<div class=\"elementor-widget-wrap elementor-element-populated\">\n\t\t\t\t\t\t<div class=\"elementor-element elementor-element-6bc7848 elementor-hidden-phone elementor-widget elementor-widget-image\" data-id=\"6bc7848\" data-element_type=\"widget\" data-e-type=\"widget\" data-widget_type=\"image.default\">\n\t\t\t\t<div class=\"elementor-widget-container\">\n\t\t\t\t\t\t\t\t\t\t\t\t\t\t\t<img decoding=\"async\" src=\"https:\/\/www.hoteldeverdun1882.com\/wp-content\/uploads\/elementor\/thumbs\/web_hotel-de-verdun-1882_0002_CHP_HotelVerdun-45-pdpyrjgb2ayl0f9ep1joc4ivq6l3jvbeqzw17dxvdo.jpg\" title=\"web_hotel de verdun 1882_0002_CHP_HotelVerdun-45\" alt=\"Deluxe Zimmer\" loading=\"lazy\" \/>\t\t\t\t\t\t\t\t\t\t\t\t\t\t\t<\/div>\n\t\t\t\t<\/div>\n\t\t\t\t\t<\/div>\n\t\t<\/div>\n\t\t\t\t<div class=\"elementor-column elementor-col-50 elementor-inner-column elementor-element elementor-element-2e3c09f\" data-id=\"2e3c09f\" data-element_type=\"column\" data-e-type=\"column\">\n\t\t\t<div class=\"elementor-widget-wrap elementor-element-populated\">\n\t\t\t\t\t\t<div class=\"elementor-element elementor-element-a40557c elementor-widget elementor-widget-image\" data-id=\"a40557c\" data-element_type=\"widget\" data-e-type=\"widget\" data-widget_type=\"image.default\">\n\t\t\t\t<div class=\"elementor-widget-container\">\n\t\t\t\t\t\t\t\t\t\t\t\t\t\t\t<img decoding=\"async\" src=\"https:\/\/www.hoteldeverdun1882.com\/wp-content\/uploads\/elementor\/thumbs\/web_hotel-de-verdun-1882_CHP_HotelVerdun-41-pdpysqovsojwbqagdileddd1s7s46ik5ofrilcmcl4.jpg\" title=\"web_hotel-de-verdun-1882_CHP_HotelVerdun-41\" alt=\"web_hotel-de-verdun-1882_CHP_HotelVerdun-41\" loading=\"lazy\" \/>\t\t\t\t\t\t\t\t\t\t\t\t\t\t\t<\/div>\n\t\t\t\t<\/div>\n\t\t\t\t<div class=\"elementor-element elementor-element-a9cca44 elementor-widget elementor-widget-image\" data-id=\"a9cca44\" data-element_type=\"widget\" data-e-type=\"widget\" data-widget_type=\"image.default\">\n\t\t\t\t<div class=\"elementor-widget-container\">\n\t\t\t\t\t\t\t\t\t\t\t\t\t\t\t<img decoding=\"async\" src=\"https:\/\/www.hoteldeverdun1882.com\/wp-content\/uploads\/elementor\/thumbs\/CHP_HotelVerdun-53-pf4u7ehgcennp2brmeo0xzy43vy10apoywtb4skm60.jpg\" title=\"CHP_HotelVerdun-53\" alt=\"CHP_HotelVerdun-53\" loading=\"lazy\" \/>\t\t\t\t\t\t\t\t\t\t\t\t\t\t\t<\/div>\n\t\t\t\t<\/div>\n\t\t\t\t\t<\/div>\n\t\t<\/div>\n\t\t\t\t\t<\/div>\n\t\t<\/section>\n\t\t\t\t<section class=\"elementor-section elementor-inner-section elementor-element elementor-element-3decf46 elementor-section-boxed elementor-section-height-default elementor-section-height-default\" data-id=\"3decf46\" data-element_type=\"section\" data-e-type=\"section\">\n\t\t\t\t\t\t<div class=\"elementor-container elementor-column-gap-default\">\n\t\t\t\t\t<div class=\"elementor-column elementor-col-100 elementor-inner-column elementor-element elementor-element-e71ab4e\" data-id=\"e71ab4e\" data-element_type=\"column\" data-e-type=\"column\">\n\t\t\t<div class=\"elementor-widget-wrap elementor-element-populated\">\n\t\t\t\t\t\t<div class=\"elementor-element elementor-element-113f659 elementor-widget elementor-widget-heading\" data-id=\"113f659\" data-element_type=\"widget\" data-e-type=\"widget\" data-widget_type=\"heading.default\">\n\t\t\t\t<div class=\"elementor-widget-container\">\n\t\t\t\t\t<h1 class=\"elementor-heading-title elementor-size-default\">FAMILIEN- UND FREUNDSCHAFTSWOCHENENDEN IN UNSEREM HOTEL AUF DER HALBINSEL VON LYON<\/h1>\t\t\t\t<\/div>\n\t\t\t\t<\/div>\n\t\t\t\t<div class=\"elementor-element elementor-element-8f79e58 elementor-widget elementor-widget-text-editor\" data-id=\"8f79e58\" data-element_type=\"widget\" data-e-type=\"widget\" data-widget_type=\"text-editor.default\">\n\t\t\t\t<div class=\"elementor-widget-container\">\n\t\t\t\t\t\t\t\t\t<p>Praktisch und schick zugleich mit seinen sch\u00f6nen Materialien, die sich gut anf\u00fchlen und in sanften, beruhigenden Farbt\u00f6nen gehalten sind, l\u00e4dt es zum Entspannen ein. Jeder findet seinen Platz und vor allem schl\u00e4ft er gut!<\/p>\n<p>Das Zimmer verf\u00fcgt \u00fcber ein geschlossenes Badezimmer mit Dusche und WC.<\/p>\t\t\t\t\t\t\t\t<\/div>\n\t\t\t\t<\/div>\n\t\t\t\t<div class=\"elementor-element elementor-element-f36dfd1 elementor-align-left bouton-maillage elementor-widget elementor-widget-button\" data-id=\"f36dfd1\" data-element_type=\"widget\" data-e-type=\"widget\" data-widget_type=\"button.default\">\n\t\t\t\t<div class=\"elementor-widget-container\">\n\t\t\t\t\t\t\t\t\t<div class=\"elementor-button-wrapper\">\n\t\t\t\t\t<a class=\"elementor-button elementor-button-link elementor-size-md\" href=\"https:\/\/www.secure-hotel-booking.com\/smart\/Hotel-de-Verdun-1882\/J7K4\/de\/#\/RoomSelection\" target=\"_blank\" rel=\"noopener\">\n\t\t\t\t\t\t<span class=\"elementor-button-content-wrapper\">\n\t\t\t\t\t\t<span class=\"elementor-button-icon\">\n\t\t\t\t<svg xmlns=\"http:\/\/www.w3.org\/2000\/svg\" width=\"37.834\" height=\"6.251\" viewbox=\"0 0 37.834 6.251\"><g id=\"Groupe_613\" data-name=\"Groupe 613\" transform=\"translate(-344.97 -1475.88)\"><path id=\"Trac&#xE9;_1528\" data-name=\"Trac&#xE9; 1528\" d=\"M190.232,790.395a3.124,3.124,0,1,1-3.124-3.124,3.125,3.125,0,0,1,3.124,3.124\" transform=\"translate(160.986 688.609)\" fill=\"#506e8a\"><\/path><path id=\"Trac&#xE9;_1529\" data-name=\"Trac&#xE9; 1529\" d=\"M198.657,790.395a3.126,3.126,0,1,1-3.124-3.124,3.125,3.125,0,0,1,3.124,3.124\" transform=\"translate(168.355 688.609)\" fill=\"#506e8a\"><\/path><path id=\"Trac&#xE9;_1530\" data-name=\"Trac&#xE9; 1530\" d=\"M207.077,790.395a3.124,3.124,0,1,1-3.124-3.124,3.125,3.125,0,0,1,3.124,3.124\" transform=\"translate(175.727 688.609)\" fill=\"#506e8a\"><\/path><\/g><\/svg>\t\t\t<\/span>\n\t\t\t\t\t\t\t\t\t<span class=\"elementor-button-text\">buchen<\/span>\n\t\t\t\t\t<\/span>\n\t\t\t\t\t<\/a>\n\t\t\t\t<\/div>\n\t\t\t\t\t\t\t\t<\/div>\n\t\t\t\t<\/div>\n\t\t\t\t\t<\/div>\n\t\t<\/div>\n\t\t\t\t\t<\/div>\n\t\t<\/section>\n\t\t\t\t\t<\/div>\n\t\t<\/div>\n\t\t\t\t\t<\/div>\n\t\t<\/section>\n\t\t\t\t<section class=\"elementor-section elementor-top-section elementor-element elementor-element-1b3ebde elementor-section-full_width elementor-section-height-default elementor-section-height-default\" data-id=\"1b3ebde\" data-element_type=\"section\" data-e-type=\"section\" id=\"services-sans-photo\">\n\t\t\t\t\t\t<div class=\"elementor-container elementor-column-gap-default\">\n\t\t\t\t\t<div class=\"elementor-column elementor-col-100 elementor-top-column elementor-element elementor-element-79a63fd\" data-id=\"79a63fd\" data-element_type=\"column\" data-e-type=\"column\" data-settings=\"{&quot;background_background&quot;:&quot;classic&quot;}\">\n\t\t\t<div class=\"elementor-widget-wrap elementor-element-populated\">\n\t\t\t\t\t\t<section class=\"elementor-section elementor-inner-section elementor-element elementor-element-bf9509b elementor-section-boxed elementor-section-height-default elementor-section-height-default\" data-id=\"bf9509b\" data-element_type=\"section\" data-e-type=\"section\">\n\t\t\t\t\t\t<div class=\"elementor-container elementor-column-gap-default\">\n\t\t\t\t\t<div class=\"elementor-column elementor-col-100 elementor-inner-column elementor-element elementor-element-a4d014c\" data-id=\"a4d014c\" data-element_type=\"column\" data-e-type=\"column\">\n\t\t\t<div class=\"elementor-widget-wrap elementor-element-populated\">\n\t\t\t\t\t\t<div class=\"elementor-element elementor-element-006d943 elementor-widget elementor-widget-heading\" data-id=\"006d943\" data-element_type=\"widget\" data-e-type=\"widget\" data-widget_type=\"heading.default\">\n\t\t\t\t<div class=\"elementor-widget-container\">\n\t\t\t\t\t<h2 class=\"elementor-heading-title elementor-size-default\">Dienstleistungen und Ausstattungen<\/h2>\t\t\t\t<\/div>\n\t\t\t\t<\/div>\n\t\t\t\t<div class=\"elementor-element elementor-element-b08e0e2 elementor-icon-list--layout-inline elementor-align-start liste-services2  liste-sans-icones liste-par-4 elementor-mobile-align-start elementor-list-item-link-full_width elementor-widget elementor-widget-icon-list\" data-id=\"b08e0e2\" data-element_type=\"widget\" data-e-type=\"widget\" id=\"liste-services\" data-widget_type=\"icon-list.default\">\n\t\t\t\t<div class=\"elementor-widget-container\">\n\t\t\t\t\t\t\t<ul class=\"elementor-icon-list-items elementor-inline-items\">\n\t\t\t\t\t\t\t<li class=\"elementor-icon-list-item elementor-inline-item\">\n\t\t\t\t\t\t\t\t\t\t<span class=\"elementor-icon-list-text\">Fl\u00e4che 22 M\u00b2<\/span>\n\t\t\t\t\t\t\t\t\t<\/li>\n\t\t\t\t\t\t\t\t<li class=\"elementor-icon-list-item elementor-inline-item\">\n\t\t\t\t\t\t\t\t\t\t<span class=\"elementor-icon-list-text\">Klimaanlage<\/span>\n\t\t\t\t\t\t\t\t\t<\/li>\n\t\t\t\t\t\t\t\t<li class=\"elementor-icon-list-item elementor-inline-item\">\n\t\t\t\t\t\t\t\t\t\t<span class=\"elementor-icon-list-text\">Produkte f\u00fcr den Empfang<br>\u00f6kologisch verantwortungsvolle Bio<\/span>\n\t\t\t\t\t\t\t\t\t<\/li>\n\t\t\t\t\t\t\t\t<li class=\"elementor-icon-list-item elementor-inline-item\">\n\t\t\t\t\t\t\t\t\t\t<span class=\"elementor-icon-list-text\">Dusche und Haartrockner<\/span>\n\t\t\t\t\t\t\t\t\t<\/li>\n\t\t\t\t\t\t\t\t<li class=\"elementor-icon-list-item elementor-inline-item\">\n\t\t\t\t\t\t\t\t\t\t<span class=\"elementor-icon-list-text\">Safe<\/span>\n\t\t\t\t\t\t\t\t\t<\/li>\n\t\t\t\t\t\t\t\t<li class=\"elementor-icon-list-item elementor-inline-item\">\n\t\t\t\t\t\t\t\t\t\t<span class=\"elementor-icon-list-text\">High Speed Wifi<\/span>\n\t\t\t\t\t\t\t\t\t<\/li>\n\t\t\t\t\t\t\t\t<li class=\"elementor-icon-list-item elementor-inline-item\">\n\t\t\t\t\t\t\t\t\t\t<span class=\"elementor-icon-list-text\">Wasserkaraffe<br>gefiltert <\/span>\n\t\t\t\t\t\t\t\t\t<\/li>\n\t\t\t\t\t\t\t\t<li class=\"elementor-icon-list-item elementor-inline-item\">\n\t\t\t\t\t\t\t\t\t\t<span class=\"elementor-icon-list-text\">Pressing <br>auf Anfrage<\/span>\n\t\t\t\t\t\t\t\t\t<\/li>\n\t\t\t\t\t\t\t\t<li class=\"elementor-icon-list-item elementor-inline-item\">\n\t\t\t\t\t\t\t\t\t\t<span class=\"elementor-icon-list-text\">Queen-Bett<br>und 2 Betten 90x200cm<\/span>\n\t\t\t\t\t\t\t\t\t<\/li>\n\t\t\t\t\t\t\t\t<li class=\"elementor-icon-list-item elementor-inline-item\">\n\t\t\t\t\t\t\t\t\t\t<span class=\"elementor-icon-list-text\">Fernsehen <br>Flachbildschirm<br>43 Zoll<\/span>\n\t\t\t\t\t\t\t\t\t<\/li>\n\t\t\t\t\t\t\t\t<li class=\"elementor-icon-list-item elementor-inline-item\">\n\t\t\t\t\t\t\t\t\t\t<span class=\"elementor-icon-list-text\">Tablett <br>aus H\u00f6flichkeit<\/span>\n\t\t\t\t\t\t\t\t\t<\/li>\n\t\t\t\t\t\t\t\t<li class=\"elementor-icon-list-item elementor-inline-item\">\n\t\t\t\t\t\t\t\t\t\t<span class=\"elementor-icon-list-text\">Bettw\u00e4sche und Frottiert\u00fccher <br>aus \u00f6kologischer Baumwolle<\/span>\n\t\t\t\t\t\t\t\t\t<\/li>\n\t\t\t\t\t\t\t\t<li class=\"elementor-icon-list-item elementor-inline-item\">\n\t\t\t\t\t\t\t\t\t\t<span class=\"elementor-icon-list-text\">Oder Queen-Bett<br>und Schlafsofa<br>160x200cm<\/span>\n\t\t\t\t\t\t\t\t\t<\/li>\n\t\t\t\t\t\t\t\t<li class=\"elementor-icon-list-item elementor-inline-item\">\n\t\t\t\t\t\t\t\t\t\t<span class=\"elementor-icon-list-text\">USB-Anschl\u00fcsse<br>individuell<\/span>\n\t\t\t\t\t\t\t\t\t<\/li>\n\t\t\t\t\t\t<\/ul>\n\t\t\t\t\t\t<\/div>\n\t\t\t\t<\/div>\n\t\t\t\t\t<\/div>\n\t\t<\/div>\n\t\t\t\t\t<\/div>\n\t\t<\/section>\n\t\t\t\t\t<\/div>\n\t\t<\/div>\n\t\t\t\t\t<\/div>\n\t\t<\/section>\n\t\t\t\t<\/div>","protected":false},"excerpt":{"rendered":"<p>CHAMBRE FAMILIALE ET AMICALE WEEK-END FAMILIALE ET AMICALE A NOTRE H\u00d4TEL DE LA PRESQU&rsquo;\u00ceLE LYONNAISE \u00c0 la fois pratique et chic avec ses belles mati\u00e8res au toucher et aux tons doux et apaisants, elle invite \u00e0 la d\u00e9tente. Chacun trouve sa place et surtout dort bien&nbsp;! La chambre dispose d&rsquo;une salle de bain ferm\u00e9e avec [&hellip;]<\/p>\n","protected":false},"author":1,"featured_media":0,"parent":23,"menu_order":4,"comment_status":"closed","ping_status":"closed","template":"","meta":{"inline_featured_image":false,"footnotes":""},"class_list":["post-1274","page","type-page","status-publish","hentry"],"_links":{"self":[{"href":"https:\/\/www.hoteldeverdun1882.com\/de\/wp-json\/wp\/v2\/pages\/1274","targetHints":{"allow":["GET"]}}],"collection":[{"href":"https:\/\/www.hoteldeverdun1882.com\/de\/wp-json\/wp\/v2\/pages"}],"about":[{"href":"https:\/\/www.hoteldeverdun1882.com\/de\/wp-json\/wp\/v2\/types\/page"}],"author":[{"embeddable":true,"href":"https:\/\/www.hoteldeverdun1882.com\/de\/wp-json\/wp\/v2\/users\/1"}],"replies":[{"embeddable":true,"href":"https:\/\/www.hoteldeverdun1882.com\/de\/wp-json\/wp\/v2\/comments?post=1274"}],"version-history":[{"count":127,"href":"https:\/\/www.hoteldeverdun1882.com\/de\/wp-json\/wp\/v2\/pages\/1274\/revisions"}],"predecessor-version":[{"id":4537,"href":"https:\/\/www.hoteldeverdun1882.com\/de\/wp-json\/wp\/v2\/pages\/1274\/revisions\/4537"}],"up":[{"embeddable":true,"href":"https:\/\/www.hoteldeverdun1882.com\/de\/wp-json\/wp\/v2\/pages\/23"}],"wp:attachment":[{"href":"https:\/\/www.hoteldeverdun1882.com\/de\/wp-json\/wp\/v2\/media?parent=1274"}],"curies":[{"name":"wp","href":"https:\/\/api.w.org\/{rel}","templated":true}]}}